{"id":8887,"date":"2025-08-24T15:24:51","date_gmt":"2025-08-24T13:24:51","guid":{"rendered":"https:\/\/mc-store.net\/?post_type=product&#038;p=8887"},"modified":"2025-10-05T12:57:59","modified_gmt":"2025-10-05T10:57:59","slug":"erkek-bebek-uni-kulakli-tavsan-salopet","status":"publish","type":"product","link":"https:\/\/mc-store.net\/ar\/product\/erkek-bebek-uni-kulakli-tavsan-salopet\/","title":{"rendered":"ERKEK BEBEK UN\u0130 KULAKLI TAV\u015eAN SALOPET"},"content":{"rendered":"<p>&#8211; Bebe\u011finizin rahatl\u0131\u011f\u0131 d\u00fc\u015f\u00fcn\u00fclerek tasarlanm\u0131\u015f, hareket \u00f6zg\u00fcrl\u00fc\u011f\u00fc sa\u011flayan jogger kal\u0131b\u0131na sahip.<br \/>\n&#8211; Dokuma kuma\u015f tipi ile dayan\u0131kl\u0131l\u0131\u011f\u0131 art\u0131r\u0131lm\u0131\u015f ve uzun s\u00fcreli kullan\u0131m imkan\u0131 sunar.<br \/>\n&#8211; Mavi renk se\u00e7ene\u011fiyle \u015f\u0131k ve canl\u0131 bir g\u00f6r\u00fcn\u00fcm kazand\u0131r\u0131rken, bisiklet yakas\u0131 ile modern bir stil olu\u015fturur.<br \/>\n&#8211; K\u0131sa kol tasar\u0131m\u0131 sayesinde bebe\u011finizin hareketlerini k\u0131s\u0131tlamadan serbest\u00e7e oynamas\u0131na olanak tan\u0131r.<br \/>\n&#8211; Lastikli pa\u00e7a detay\u0131 ile ayakkab\u0131n\u0131n kaymas\u0131n\u0131 \u00f6nleyerek g\u00fcvenli ad\u0131mlar atmas\u0131na yard\u0131mc\u0131 olur.<br \/>\n&#8211; G\u00fcnl\u00fck kullan\u0131m i\u00e7in ideal olan bu salopet, hem evde hem d\u0131\u015far\u0131da rahatl\u0131kla tercih edilebilir.<br \/>\n&#8211; Kolay bak\u0131m avantaj\u0131 sa\u011flayan y\u0131kama talimatlar\u0131na sahip olmas\u0131, ebeveynlerin i\u015fini kolayla\u015ft\u0131r\u0131r.<br \/>\n&#8211; 9-12-18-24 ay ya\u015f gruplar\u0131na uygun beden se\u00e7enekleriyle bebeklerin b\u00fcy\u00fcme d\u00f6nemlerine e\u015flik eder.<\/p>","protected":false},"excerpt":{"rendered":"<p>ERKEK BEBEK UN\u0130 KULAKLI TAV\u015eAN SALOPET 9-12-18-24 AY<\/p>","protected":false},"featured_media":9165,"comment_status":"open","ping_status":"closed","template":"","meta":{"_surecart_dashboard_logo_width":"180px","_surecart_dashboard_show_logo":true,"_surecart_dashboard_navigation_orders":true,"_surecart_dashboard_navigation_invoices":true,"_surecart_dashboard_navigation_subscriptions":true,"_surecart_dashboard_navigation_downloads":true,"_surecart_dashboard_navigation_billing":true,"_surecart_dashboard_navigation_account":true,"_kad_post_transparent":"default","_kad_post_title":"","_kad_post_layout":"default","_kad_post_sidebar_id":"","_kad_post_content_style":"default","_kad_post_vertical_padding":"default","_kad_post_feature":"","_kad_post_feature_position":"","_kad_post_header":false,"_kad_post_footer":false},"product_brand":[41],"product_cat":[63,123,30,15],"product_tag":[122,120,121,141],"class_list":{"0":"post-8887","1":"product","2":"type-product","3":"status-publish","4":"has-post-thumbnail","6":"product_brand-mc-familystore","7":"product_cat-bebek-takimi","8":"product_cat-firsat-urunleri","9":"product_cat-salopet","10":"product_cat-tulum","11":"product_tag-bebek","12":"product_tag-erkek-bebek","13":"product_tag-erkek-cocuk","14":"product_tag-sonbahar-kis","16":"first","17":"instock","18":"sale","19":"shipping-taxable","20":"purchasable","21":"product-type-variable","22":"entry","23":"content-bg","24":"loop-entry"},"aioseo_notices":[],"_links":{"self":[{"href":"https:\/\/mc-store.net\/ar\/wp-json\/wp\/v2\/product\/8887","targetHints":{"allow":["GET"]}}],"collection":[{"href":"https:\/\/mc-store.net\/ar\/wp-json\/wp\/v2\/product"}],"about":[{"href":"https:\/\/mc-store.net\/ar\/wp-json\/wp\/v2\/types\/product"}],"replies":[{"embeddable":true,"href":"https:\/\/mc-store.net\/ar\/wp-json\/wp\/v2\/comments?post=8887"}],"version-history":[{"count":1,"href":"https:\/\/mc-store.net\/ar\/wp-json\/wp\/v2\/product\/8887\/revisions"}],"predecessor-version":[{"id":8903,"href":"https:\/\/mc-store.net\/ar\/wp-json\/wp\/v2\/product\/8887\/revisions\/8903"}],"wp:featuredmedia":[{"embeddable":true,"href":"https:\/\/mc-store.net\/ar\/wp-json\/wp\/v2\/media\/9165"}],"wp:attachment":[{"href":"https:\/\/mc-store.net\/ar\/wp-json\/wp\/v2\/media?parent=8887"}],"wp:term":[{"taxonomy":"product_brand","embeddable":true,"href":"https:\/\/mc-store.net\/ar\/wp-json\/wp\/v2\/product_brand?post=8887"},{"taxonomy":"product_cat","embeddable":true,"href":"https:\/\/mc-store.net\/ar\/wp-json\/wp\/v2\/product_cat?post=8887"},{"taxonomy":"product_tag","embeddable":true,"href":"https:\/\/mc-store.net\/ar\/wp-json\/wp\/v2\/product_tag?post=8887"}],"curies":[{"name":"wp","href":"https:\/\/api.w.org\/{rel}","templated":true}]}}