{"id":8904,"date":"2025-08-24T15:37:38","date_gmt":"2025-08-24T13:37:38","guid":{"rendered":"https:\/\/mc-store.net\/?post_type=product&#038;p=8904"},"modified":"2025-09-05T18:48:56","modified_gmt":"2025-09-05T16:48:56","slug":"kiz-erkek-bebek-cocuk-jean-salopet-2-li-kot-tulum-takim","status":"publish","type":"product","link":"https:\/\/mc-store.net\/ar\/product\/kiz-erkek-bebek-cocuk-jean-salopet-2-li-kot-tulum-takim\/","title":{"rendered":"KIZ ERKEK BEBEK \u00c7ocuk Jean Salopet 2&#8242; Li Kot Tulum Takim"},"content":{"rendered":"<p>&#8211; Bebeklerinize \u00f6zel tasarlanm\u0131\u015f, hem k\u0131z hem de erkek \u00e7ocuklar i\u00e7in uygun olan kot tulum tak\u0131m\u0131.<br \/>\n&#8211; Sade ve \u015f\u0131k g\u00f6r\u00fcn\u00fcm\u00fcyle dikkat \u00e7eken d\u00fcz desenli tasar\u0131m.<br \/>\n&#8211; Rahat hareket edebilme imkan\u0131 sunan regular kal\u0131p ile konforlu kullan\u0131m.<br \/>\n&#8211; Nefes alabilen keten kuma\u015f\u0131 sayesinde bebe\u011finizin cildine nazik dokunu\u015flar.<br \/>\n&#8211; Unisex koleksiyon par\u00e7as\u0131 olarak her iki cinsiyete de hitap eder; mavi-sar\u0131 renk kombinasyonuyla g\u00f6z al\u0131c\u0131 bir stil olu\u015fturur.<br \/>\n&#8211; K\u0131sa kol ve bisiklet yakas\u0131 detaylar\u0131yla modern ve rahat bir tarz sunar.<br \/>\n&#8211; Kolay bak\u0131m i\u00e7in belirtilmi\u015f y\u0131kama talimatlar\u0131na sahip olup, uzun s\u00fcreli kullan\u0131m vaat eder.<br \/>\n&#8211; G\u00fcnl\u00fck kullan\u0131m i\u00e7in ideal casual tasar\u0131m\u0131yla her ortama uyum sa\u011flar.<br \/>\n&#8211; Regular pa\u00e7a tipi sayesinde ayakkab\u0131lara kolayca uyum g\u00f6sterirken rahatl\u0131k sunar.<br \/>\n&#8211; Paket i\u00e7eri\u011finde yer alan 2&#8217;li set ile birden fazla g\u00fcn i\u00e7in pratik \u00e7\u00f6z\u00fcm sa\u011flar.<br \/>\n&#8211; 9-24 ay bedeniyle bebeklerinize tam oturan ideal boyuttad\u0131r.<\/p>","protected":false},"excerpt":{"rendered":"<p>&#8211; Bebeklerinize \u00f6zel tasarlanm\u0131\u015f, hem k\u0131z hem de erkek \u00e7ocuklar i\u00e7in uygun olan kot tulum tak\u0131m\u0131. &#8211; Sade ve \u015f\u0131k g\u00f6r\u00fcn\u00fcm\u00fcyle dikkat \u00e7eken d\u00fcz desenli tasar\u0131m. &#8211; Rahat hareket edebilme imkan\u0131 sunan regular kal\u0131p ile konforlu kullan\u0131m. &#8211; Nefes alabilen keten kuma\u015f\u0131 sayesinde bebe\u011finizin cildine nazik dokunu\u015flar. &#8211; Unisex koleksiyon par\u00e7as\u0131 olarak her iki cinsiyete&#8230;<\/p>","protected":false},"featured_media":9164,"comment_status":"open","ping_status":"closed","template":"","meta":{"_surecart_dashboard_logo_width":"180px","_surecart_dashboard_show_logo":true,"_surecart_dashboard_navigation_orders":true,"_surecart_dashboard_navigation_invoices":true,"_surecart_dashboard_navigation_subscriptions":true,"_surecart_dashboard_navigation_downloads":true,"_surecart_dashboard_navigation_billing":true,"_surecart_dashboard_navigation_account":true,"_kad_post_transparent":"default","_kad_post_title":"","_kad_post_layout":"default","_kad_post_sidebar_id":"","_kad_post_content_style":"default","_kad_post_vertical_padding":"default","_kad_post_feature":"","_kad_post_feature_position":"","_kad_post_header":false,"_kad_post_footer":false},"product_brand":[41],"product_cat":[63,123,30,15],"product_tag":[122,120,121,119,118],"class_list":{"0":"post-8904","1":"product","2":"type-product","3":"status-publish","4":"has-post-thumbnail","6":"product_brand-mc-familystore","7":"product_cat-bebek-takimi","8":"product_cat-firsat-urunleri","9":"product_cat-salopet","10":"product_cat-tulum","11":"product_tag-bebek","12":"product_tag-erkek-bebek","13":"product_tag-erkek-cocuk","14":"product_tag-kiz-bebek","15":"product_tag-cocuk","17":"first","18":"instock","19":"sale","20":"shipping-taxable","21":"purchasable","22":"product-type-variable","23":"entry","24":"content-bg","25":"loop-entry"},"aioseo_notices":[],"_links":{"self":[{"href":"https:\/\/mc-store.net\/ar\/wp-json\/wp\/v2\/product\/8904","targetHints":{"allow":["GET"]}}],"collection":[{"href":"https:\/\/mc-store.net\/ar\/wp-json\/wp\/v2\/product"}],"about":[{"href":"https:\/\/mc-store.net\/ar\/wp-json\/wp\/v2\/types\/product"}],"replies":[{"embeddable":true,"href":"https:\/\/mc-store.net\/ar\/wp-json\/wp\/v2\/comments?post=8904"}],"version-history":[{"count":1,"href":"https:\/\/mc-store.net\/ar\/wp-json\/wp\/v2\/product\/8904\/revisions"}],"predecessor-version":[{"id":8911,"href":"https:\/\/mc-store.net\/ar\/wp-json\/wp\/v2\/product\/8904\/revisions\/8911"}],"wp:featuredmedia":[{"embeddable":true,"href":"https:\/\/mc-store.net\/ar\/wp-json\/wp\/v2\/media\/9164"}],"wp:attachment":[{"href":"https:\/\/mc-store.net\/ar\/wp-json\/wp\/v2\/media?parent=8904"}],"wp:term":[{"taxonomy":"product_brand","embeddable":true,"href":"https:\/\/mc-store.net\/ar\/wp-json\/wp\/v2\/product_brand?post=8904"},{"taxonomy":"product_cat","embeddable":true,"href":"https:\/\/mc-store.net\/ar\/wp-json\/wp\/v2\/product_cat?post=8904"},{"taxonomy":"product_tag","embeddable":true,"href":"https:\/\/mc-store.net\/ar\/wp-json\/wp\/v2\/product_tag?post=8904"}],"curies":[{"name":"wp","href":"https:\/\/api.w.org\/{rel}","templated":true}]}}