{"id":8923,"date":"2025-08-24T15:58:07","date_gmt":"2025-08-24T13:58:07","guid":{"rendered":"https:\/\/mc-store.net\/?post_type=product&#038;p=8923"},"modified":"2025-10-05T12:57:28","modified_gmt":"2025-10-05T10:57:28","slug":"kiz-erkek-bebek-cocuk-jean-salopet-2-li-kot-tulum-takim-2","status":"publish","type":"product","link":"https:\/\/mc-store.net\/ar\/product\/kiz-erkek-bebek-cocuk-jean-salopet-2-li-kot-tulum-takim-2\/","title":{"rendered":"KIZ ERKEK BEBEK \u00c7ocuk Jean Salopet 2&#8242; Li Kot Tulum Takim"},"content":{"rendered":"<p>&#8211; Bebeklerinize \u00f6zel tasarlanm\u0131\u015f, rahat hareket edebilme imkan\u0131 sunan regular kal\u0131p.<br \/>\n&#8211; G\u00fcnl\u00fck kullan\u0131m i\u00e7in ideal olan k\u0131sa kol ve bisiklet yakas\u0131 ile konforlu bir giyim deneyimi.<br \/>\n&#8211; Mavi kiraz deseniyle \u015f\u0131kl\u0131\u011f\u0131 ve ne\u015feyi bir arada sunan unisex tasar\u0131m.<br \/>\n&#8211; H\u0131zl\u0131 kuruyan keten kuma\u015f\u0131 sayesinde bebe\u011finizin cildine nazik dokunu\u015flar sa\u011flar.<br \/>\n&#8211; Kolay bak\u0131m avantaj\u0131 sunan y\u0131kama talimatlar\u0131 ile pratik kullan\u0131m.<br \/>\n&#8211; 9-24 ay bedeniyle bebeklerinizin b\u00fcy\u00fcme d\u00f6nemlerine uyum sa\u011flayan esnek yap\u0131.<br \/>\n&#8211; Casual ortamlarda rahatl\u0131kla tercih edilebilecek g\u00fcnl\u00fck kullan\u0131m i\u00e7in ideal se\u00e7im.<br \/>\n&#8211; Pa\u00e7a tipi olarak regular kesim ile modern ve zamans\u0131z bir g\u00f6r\u00fcn\u00fcm kazand\u0131r\u0131r.<br \/>\n&#8211; \u0130ki par\u00e7adan olu\u015fan set i\u00e7eri\u011fi; hem \u00fcst hem de alt par\u00e7a olarak tam bir kombin olu\u015fturman\u0131zda yard\u0131mc\u0131 olur.<\/p>","protected":false},"excerpt":{"rendered":"<p>&#8211; Bebeklerinize \u00f6zel tasarlanm\u0131\u015f, rahat hareket edebilme imkan\u0131 sunan regular kal\u0131p. &#8211; G\u00fcnl\u00fck kullan\u0131m i\u00e7in ideal olan k\u0131sa kol ve bisiklet yakas\u0131 ile konforlu bir giyim deneyimi. &#8211; Mavi kiraz deseniyle \u015f\u0131kl\u0131\u011f\u0131 ve ne\u015feyi bir arada sunan unisex tasar\u0131m. &#8211; H\u0131zl\u0131 kuruyan keten kuma\u015f\u0131 sayesinde bebe\u011finizin cildine nazik dokunu\u015flar sa\u011flar. &#8211; Kolay bak\u0131m avantaj\u0131 sunan&#8230;<\/p>","protected":false},"featured_media":9150,"comment_status":"open","ping_status":"closed","template":"","meta":{"_surecart_dashboard_logo_width":"180px","_surecart_dashboard_show_logo":true,"_surecart_dashboard_navigation_orders":true,"_surecart_dashboard_navigation_invoices":true,"_surecart_dashboard_navigation_subscriptions":true,"_surecart_dashboard_navigation_downloads":true,"_surecart_dashboard_navigation_billing":true,"_surecart_dashboard_navigation_account":true,"_kad_post_transparent":"default","_kad_post_title":"","_kad_post_layout":"default","_kad_post_sidebar_id":"","_kad_post_content_style":"default","_kad_post_vertical_padding":"default","_kad_post_feature":"","_kad_post_feature_position":"","_kad_post_header":false,"_kad_post_footer":false},"product_brand":[41],"product_cat":[63,123,30,15],"product_tag":[122,120,121,141],"class_list":{"0":"post-8923","1":"product","2":"type-product","3":"status-publish","4":"has-post-thumbnail","6":"product_brand-mc-familystore","7":"product_cat-bebek-takimi","8":"product_cat-firsat-urunleri","9":"product_cat-salopet","10":"product_cat-tulum","11":"product_tag-bebek","12":"product_tag-erkek-bebek","13":"product_tag-erkek-cocuk","14":"product_tag-sonbahar-kis","16":"first","17":"instock","18":"sale","19":"shipping-taxable","20":"purchasable","21":"product-type-variable","22":"entry","23":"content-bg","24":"loop-entry"},"aioseo_notices":[],"_links":{"self":[{"href":"https:\/\/mc-store.net\/ar\/wp-json\/wp\/v2\/product\/8923","targetHints":{"allow":["GET"]}}],"collection":[{"href":"https:\/\/mc-store.net\/ar\/wp-json\/wp\/v2\/product"}],"about":[{"href":"https:\/\/mc-store.net\/ar\/wp-json\/wp\/v2\/types\/product"}],"replies":[{"embeddable":true,"href":"https:\/\/mc-store.net\/ar\/wp-json\/wp\/v2\/comments?post=8923"}],"version-history":[{"count":1,"href":"https:\/\/mc-store.net\/ar\/wp-json\/wp\/v2\/product\/8923\/revisions"}],"predecessor-version":[{"id":8937,"href":"https:\/\/mc-store.net\/ar\/wp-json\/wp\/v2\/product\/8923\/revisions\/8937"}],"wp:featuredmedia":[{"embeddable":true,"href":"https:\/\/mc-store.net\/ar\/wp-json\/wp\/v2\/media\/9150"}],"wp:attachment":[{"href":"https:\/\/mc-store.net\/ar\/wp-json\/wp\/v2\/media?parent=8923"}],"wp:term":[{"taxonomy":"product_brand","embeddable":true,"href":"https:\/\/mc-store.net\/ar\/wp-json\/wp\/v2\/product_brand?post=8923"},{"taxonomy":"product_cat","embeddable":true,"href":"https:\/\/mc-store.net\/ar\/wp-json\/wp\/v2\/product_cat?post=8923"},{"taxonomy":"product_tag","embeddable":true,"href":"https:\/\/mc-store.net\/ar\/wp-json\/wp\/v2\/product_tag?post=8923"}],"curies":[{"name":"wp","href":"https:\/\/api.w.org\/{rel}","templated":true}]}}