{"id":8938,"date":"2025-08-24T16:04:54","date_gmt":"2025-08-24T14:04:54","guid":{"rendered":"https:\/\/mc-store.net\/?post_type=product&#038;p=8938"},"modified":"2025-10-05T12:57:10","modified_gmt":"2025-10-05T10:57:10","slug":"erkek-bebek-uni-kulakli-kopek-salopet","status":"publish","type":"product","link":"https:\/\/mc-store.net\/ar\/product\/erkek-bebek-uni-kulakli-kopek-salopet\/","title":{"rendered":"ERKEK BEBEK UN\u0130 KULAKLI K\u00d6PEK SALOPET"},"content":{"rendered":"<p>&#8211; Bebe\u011finizin rahatl\u0131\u011f\u0131 d\u00fc\u015f\u00fcn\u00fclerek tasarlanm\u0131\u015f, 9-12-18-24 ay aras\u0131 bebekler i\u00e7in idealdir.<br \/>\n&#8211; \u015e\u0131k ve e\u011flenceli bask\u0131l\u0131 deseniyle bebe\u011finizin tarz\u0131n\u0131 yans\u0131t\u0131r.<br \/>\n&#8211; Standart boy ve jogger kal\u0131b\u0131yla hareket \u00f6zg\u00fcrl\u00fc\u011f\u00fc sa\u011flar.<br \/>\n&#8211; Dokuma kuma\u015f\u0131 sayesinde dayan\u0131kl\u0131l\u0131\u011f\u0131 art\u0131r\u0131rken yumu\u015fak dokusuyla konfor sunar.<br \/>\n&#8211; Erkek bebekler i\u00e7in \u00f6zel olarak \u00fcretilmi\u015f olup, gri renkteki \u015f\u0131k tasar\u0131m\u0131yla dikkat \u00e7eker.<br \/>\n&#8211; K\u0131sa kol boyu ile mevsim ge\u00e7i\u015flerinde ideal kullan\u0131m imkan\u0131 tan\u0131r.<br \/>\n&#8211; Bisiklet yakas\u0131 sayesinde giydirme ve \u00e7\u0131karma i\u015flemleri kolayla\u015f\u0131r.<br \/>\n&#8211; Lastikli pa\u00e7a tasar\u0131m\u0131 ile pratik kullan\u0131m sa\u011flar ve kayma yapmaz.<br \/>\n&#8211; G\u00fcnl\u00fck ortamlarda rahatl\u0131kla tercih edebilece\u011finiz bir \u00fcr\u00fcnd\u00fcr.<br \/>\n&#8211; Kolay bak\u0131m avantaj\u0131yla y\u0131kama talimatlar\u0131na uygun \u015fekilde temizlenebilir.<br \/>\n&#8211; Web color olarak belirtilen gri tonuyla modern g\u00f6r\u00fcn\u00fcm sunar.<\/p>","protected":false},"excerpt":{"rendered":"<p>ERKEK BEBEK UN\u0130 KULAKLI K\u00d6PEK SALOPET 9-12-18-24 AY<\/p>","protected":false},"featured_media":9149,"comment_status":"open","ping_status":"closed","template":"","meta":{"_surecart_dashboard_logo_width":"180px","_surecart_dashboard_show_logo":true,"_surecart_dashboard_navigation_orders":true,"_surecart_dashboard_navigation_invoices":true,"_surecart_dashboard_navigation_subscriptions":true,"_surecart_dashboard_navigation_downloads":true,"_surecart_dashboard_navigation_billing":true,"_surecart_dashboard_navigation_account":true,"_kad_post_transparent":"default","_kad_post_title":"","_kad_post_layout":"default","_kad_post_sidebar_id":"","_kad_post_content_style":"default","_kad_post_vertical_padding":"default","_kad_post_feature":"","_kad_post_feature_position":"","_kad_post_header":false,"_kad_post_footer":false},"product_brand":[41],"product_cat":[63,123,30,15],"product_tag":[122,120,121,141],"class_list":{"0":"post-8938","1":"product","2":"type-product","3":"status-publish","4":"has-post-thumbnail","6":"product_brand-mc-familystore","7":"product_cat-bebek-takimi","8":"product_cat-firsat-urunleri","9":"product_cat-salopet","10":"product_cat-tulum","11":"product_tag-bebek","12":"product_tag-erkek-bebek","13":"product_tag-erkek-cocuk","14":"product_tag-sonbahar-kis","16":"first","17":"instock","18":"sale","19":"shipping-taxable","20":"purchasable","21":"product-type-variable","22":"entry","23":"content-bg","24":"loop-entry"},"aioseo_notices":[],"_links":{"self":[{"href":"https:\/\/mc-store.net\/ar\/wp-json\/wp\/v2\/product\/8938","targetHints":{"allow":["GET"]}}],"collection":[{"href":"https:\/\/mc-store.net\/ar\/wp-json\/wp\/v2\/product"}],"about":[{"href":"https:\/\/mc-store.net\/ar\/wp-json\/wp\/v2\/types\/product"}],"replies":[{"embeddable":true,"href":"https:\/\/mc-store.net\/ar\/wp-json\/wp\/v2\/comments?post=8938"}],"version-history":[{"count":1,"href":"https:\/\/mc-store.net\/ar\/wp-json\/wp\/v2\/product\/8938\/revisions"}],"predecessor-version":[{"id":8949,"href":"https:\/\/mc-store.net\/ar\/wp-json\/wp\/v2\/product\/8938\/revisions\/8949"}],"wp:featuredmedia":[{"embeddable":true,"href":"https:\/\/mc-store.net\/ar\/wp-json\/wp\/v2\/media\/9149"}],"wp:attachment":[{"href":"https:\/\/mc-store.net\/ar\/wp-json\/wp\/v2\/media?parent=8938"}],"wp:term":[{"taxonomy":"product_brand","embeddable":true,"href":"https:\/\/mc-store.net\/ar\/wp-json\/wp\/v2\/product_brand?post=8938"},{"taxonomy":"product_cat","embeddable":true,"href":"https:\/\/mc-store.net\/ar\/wp-json\/wp\/v2\/product_cat?post=8938"},{"taxonomy":"product_tag","embeddable":true,"href":"https:\/\/mc-store.net\/ar\/wp-json\/wp\/v2\/product_tag?post=8938"}],"curies":[{"name":"wp","href":"https:\/\/api.w.org\/{rel}","templated":true}]}}