{"id":8950,"date":"2025-08-24T16:35:11","date_gmt":"2025-08-24T14:35:11","guid":{"rendered":"https:\/\/mc-store.net\/?post_type=product&#038;p=8950"},"modified":"2025-10-05T12:56:55","modified_gmt":"2025-10-05T10:56:55","slug":"kiz-cocuk-jean-salopet-2-li-kot-tulum-takim","status":"publish","type":"product","link":"https:\/\/mc-store.net\/ar\/product\/kiz-cocuk-jean-salopet-2-li-kot-tulum-takim\/","title":{"rendered":"Kiz \u00c7ocuk Jean Salopet 2&#8242; Li Kot Tulum Takim"},"content":{"rendered":"<p>&#8211; Bebeklerin rahat hareket etmesini sa\u011flayan regular kal\u0131p tasar\u0131m\u0131yla konforlu bir kullan\u0131m sunar.<br \/>\n&#8211; D\u00fcz deseni sayesinde zamans\u0131z bir \u015f\u0131kl\u0131k ve kolay kombin imkan\u0131 sa\u011flar.<br \/>\n&#8211; Orijinal boy kesimi ile bebeklerin do\u011fal duru\u015funu desteklerken, g\u00fcnl\u00fck aktivitelerde de idealdir.<br \/>\n&#8211; Keten materyali hafifli\u011fi ve nefes alabilir yap\u0131s\u0131yla bebe\u011finizin cildine nazik davran\u0131r.<br \/>\n&#8211; Unisex koleksiyon par\u00e7as\u0131 olarak hem k\u0131z hem erkek \u00e7ocuklar i\u00e7in uygunluk g\u00f6sterir; b\u00f6ylece aile i\u00e7indeki herkes i\u00e7in idealdir.<br \/>\n&#8211; Bisiklet yakas\u0131 ile modern ve sade bir g\u00f6r\u00fcn\u00fcm kazand\u0131r\u0131rken, k\u0131sa kollu tasar\u0131m yaz aylar\u0131 i\u00e7in m\u00fckemmel tercih olur.<br \/>\n&#8211; Mavi renk se\u00e7ene\u011fiyle canl\u0131l\u0131k katarken, casual ortamlarda rahatl\u0131kla tercih edilebilir.<br \/>\n&#8211; K\u0131sa pa\u00e7a tipi sayesinde ayakkab\u0131lara kolayca yer a\u00e7\u0131l\u0131r ve pratik giyip \u00e7\u0131karmay\u0131 m\u00fcmk\u00fcn k\u0131lar.<br \/>\n&#8211; Y\u0131kama talimatlar\u0131na uyuldu\u011funda uzun s\u00fcreli kullan\u0131m vaad eder; b\u00f6ylece ebeveynler i\u00e7in ekstra bak\u0131m gerektirmeyen bir se\u00e7enek olu\u015fturur.<\/p>","protected":false},"excerpt":{"rendered":"<p>&#8211; Bebeklerin rahat hareket etmesini sa\u011flayan regular kal\u0131p tasar\u0131m\u0131yla konforlu bir kullan\u0131m sunar. &#8211; D\u00fcz deseni sayesinde zamans\u0131z bir \u015f\u0131kl\u0131k ve kolay kombin imkan\u0131 sa\u011flar. &#8211; Orijinal boy kesimi ile bebeklerin do\u011fal duru\u015funu desteklerken, g\u00fcnl\u00fck aktivitelerde de idealdir. &#8211; Keten materyali hafifli\u011fi ve nefes alabilir yap\u0131s\u0131yla bebe\u011finizin cildine nazik davran\u0131r. &#8211; Unisex koleksiyon par\u00e7as\u0131 olarak&#8230;<\/p>","protected":false},"featured_media":9163,"comment_status":"open","ping_status":"closed","template":"","meta":{"_surecart_dashboard_logo_width":"180px","_surecart_dashboard_show_logo":true,"_surecart_dashboard_navigation_orders":true,"_surecart_dashboard_navigation_invoices":true,"_surecart_dashboard_navigation_subscriptions":true,"_surecart_dashboard_navigation_downloads":true,"_surecart_dashboard_navigation_billing":true,"_surecart_dashboard_navigation_account":true,"_kad_post_transparent":"default","_kad_post_title":"","_kad_post_layout":"default","_kad_post_sidebar_id":"","_kad_post_content_style":"default","_kad_post_vertical_padding":"default","_kad_post_feature":"","_kad_post_feature_position":"","_kad_post_header":false,"_kad_post_footer":false},"product_brand":[41],"product_cat":[63,123,30,15],"product_tag":[122,119,118,141],"class_list":{"0":"post-8950","1":"product","2":"type-product","3":"status-publish","4":"has-post-thumbnail","6":"product_brand-mc-familystore","7":"product_cat-bebek-takimi","8":"product_cat-firsat-urunleri","9":"product_cat-salopet","10":"product_cat-tulum","11":"product_tag-bebek","12":"product_tag-kiz-bebek","13":"product_tag-cocuk","14":"product_tag-sonbahar-kis","16":"first","17":"instock","18":"sale","19":"shipping-taxable","20":"purchasable","21":"product-type-variable","22":"entry","23":"content-bg","24":"loop-entry"},"aioseo_notices":[],"_links":{"self":[{"href":"https:\/\/mc-store.net\/ar\/wp-json\/wp\/v2\/product\/8950","targetHints":{"allow":["GET"]}}],"collection":[{"href":"https:\/\/mc-store.net\/ar\/wp-json\/wp\/v2\/product"}],"about":[{"href":"https:\/\/mc-store.net\/ar\/wp-json\/wp\/v2\/types\/product"}],"replies":[{"embeddable":true,"href":"https:\/\/mc-store.net\/ar\/wp-json\/wp\/v2\/comments?post=8950"}],"version-history":[{"count":1,"href":"https:\/\/mc-store.net\/ar\/wp-json\/wp\/v2\/product\/8950\/revisions"}],"predecessor-version":[{"id":8957,"href":"https:\/\/mc-store.net\/ar\/wp-json\/wp\/v2\/product\/8950\/revisions\/8957"}],"wp:featuredmedia":[{"embeddable":true,"href":"https:\/\/mc-store.net\/ar\/wp-json\/wp\/v2\/media\/9163"}],"wp:attachment":[{"href":"https:\/\/mc-store.net\/ar\/wp-json\/wp\/v2\/media?parent=8950"}],"wp:term":[{"taxonomy":"product_brand","embeddable":true,"href":"https:\/\/mc-store.net\/ar\/wp-json\/wp\/v2\/product_brand?post=8950"},{"taxonomy":"product_cat","embeddable":true,"href":"https:\/\/mc-store.net\/ar\/wp-json\/wp\/v2\/product_cat?post=8950"},{"taxonomy":"product_tag","embeddable":true,"href":"https:\/\/mc-store.net\/ar\/wp-json\/wp\/v2\/product_tag?post=8950"}],"curies":[{"name":"wp","href":"https:\/\/api.w.org\/{rel}","templated":true}]}}