{"id":8958,"date":"2025-08-24T16:40:14","date_gmt":"2025-08-24T14:40:14","guid":{"rendered":"https:\/\/mc-store.net\/?post_type=product&#038;p=8958"},"modified":"2025-10-05T12:56:33","modified_gmt":"2025-10-05T10:56:33","slug":"kiz-cocuk-jean-salopet-2-li-kot-tulum-takim-2","status":"publish","type":"product","link":"https:\/\/mc-store.net\/ar\/product\/kiz-cocuk-jean-salopet-2-li-kot-tulum-takim-2\/","title":{"rendered":"Kiz \u00c7ocuk Jean Salopet 2&#8242; Li Kot Tulum Takim"},"content":{"rendered":"<p>&#8211; Bebeklerin rahat hareket etmesini sa\u011flayan regular kal\u0131p ile tasarlanm\u0131\u015ft\u0131r.<br \/>\n&#8211; G\u00fcnl\u00fck kullan\u0131m i\u00e7in ideal olan bu kot tulum tak\u0131m\u0131, casual ortamlarda \u015f\u0131kl\u0131\u011f\u0131 yakalar.<br \/>\n&#8211; K\u0131sa kol ve bisiklet yaka detaylar\u0131 ile yaz aylar\u0131nda serin tutar.<br \/>\n&#8211; Mavi renk se\u00e7ene\u011fiyle hem k\u0131z hem de erkek \u00e7ocuklar i\u00e7in uygun bir tercih sunar.<br \/>\n&#8211; Kolay bak\u0131m imkan\u0131 sa\u011flayan y\u0131kama talimatlar\u0131na sahiptir; Type 1 y\u0131kama talimat\u0131na g\u00f6re temizlenebilir.<br \/>\n&#8211; K\u0131sa pa\u00e7a tasar\u0131m\u0131 sayesinde \u00e7ocuklar\u0131n oyun s\u0131ras\u0131nda \u00f6zg\u00fcrce hareket etmelerine olanak tan\u0131r.<br \/>\n&#8211; Unisex koleksiyon par\u00e7as\u0131 olarak her iki cinsiyete de hitap eder ve geni\u015f kullan\u0131c\u0131 kitlesine sahiptir.<br \/>\n&#8211; S\u00fcrd\u00fcr\u00fclebilirlik detay\u0131n\u0131n bulunmamas\u0131, \u00fcr\u00fcn\u00fcn \u00e7evresel etkisine dair bilgi vermez ancak genel olarak dayan\u0131kl\u0131 malzemelerden \u00fcretilmi\u015ftir.<\/p>","protected":false},"excerpt":{"rendered":"<p>&#8211; Bebeklerin rahat hareket etmesini sa\u011flayan regular kal\u0131p ile tasarlanm\u0131\u015ft\u0131r. &#8211; G\u00fcnl\u00fck kullan\u0131m i\u00e7in ideal olan bu kot tulum tak\u0131m\u0131, casual ortamlarda \u015f\u0131kl\u0131\u011f\u0131 yakalar. &#8211; K\u0131sa kol ve bisiklet yaka detaylar\u0131 ile yaz aylar\u0131nda serin tutar. &#8211; Mavi renk se\u00e7ene\u011fiyle hem k\u0131z hem de erkek \u00e7ocuklar i\u00e7in uygun bir tercih sunar. &#8211; Kolay bak\u0131m imkan\u0131&#8230;<\/p>","protected":false},"featured_media":9148,"comment_status":"open","ping_status":"closed","template":"","meta":{"_surecart_dashboard_logo_width":"180px","_surecart_dashboard_show_logo":true,"_surecart_dashboard_navigation_orders":true,"_surecart_dashboard_navigation_invoices":true,"_surecart_dashboard_navigation_subscriptions":true,"_surecart_dashboard_navigation_downloads":true,"_surecart_dashboard_navigation_billing":true,"_surecart_dashboard_navigation_account":true,"_kad_post_transparent":"default","_kad_post_title":"","_kad_post_layout":"default","_kad_post_sidebar_id":"","_kad_post_content_style":"default","_kad_post_vertical_padding":"default","_kad_post_feature":"","_kad_post_feature_position":"","_kad_post_header":false,"_kad_post_footer":false},"product_brand":[41],"product_cat":[63,123,30,15],"product_tag":[122,120,121,119,118,141],"class_list":{"0":"post-8958","1":"product","2":"type-product","3":"status-publish","4":"has-post-thumbnail","6":"product_brand-mc-familystore","7":"product_cat-bebek-takimi","8":"product_cat-firsat-urunleri","9":"product_cat-salopet","10":"product_cat-tulum","11":"product_tag-bebek","12":"product_tag-erkek-bebek","13":"product_tag-erkek-cocuk","14":"product_tag-kiz-bebek","15":"product_tag-cocuk","16":"product_tag-sonbahar-kis","18":"first","19":"instock","20":"sale","21":"shipping-taxable","22":"purchasable","23":"product-type-variable","24":"entry","25":"content-bg","26":"loop-entry"},"aioseo_notices":[],"_links":{"self":[{"href":"https:\/\/mc-store.net\/ar\/wp-json\/wp\/v2\/product\/8958","targetHints":{"allow":["GET"]}}],"collection":[{"href":"https:\/\/mc-store.net\/ar\/wp-json\/wp\/v2\/product"}],"about":[{"href":"https:\/\/mc-store.net\/ar\/wp-json\/wp\/v2\/types\/product"}],"replies":[{"embeddable":true,"href":"https:\/\/mc-store.net\/ar\/wp-json\/wp\/v2\/comments?post=8958"}],"version-history":[{"count":1,"href":"https:\/\/mc-store.net\/ar\/wp-json\/wp\/v2\/product\/8958\/revisions"}],"predecessor-version":[{"id":8965,"href":"https:\/\/mc-store.net\/ar\/wp-json\/wp\/v2\/product\/8958\/revisions\/8965"}],"wp:featuredmedia":[{"embeddable":true,"href":"https:\/\/mc-store.net\/ar\/wp-json\/wp\/v2\/media\/9148"}],"wp:attachment":[{"href":"https:\/\/mc-store.net\/ar\/wp-json\/wp\/v2\/media?parent=8958"}],"wp:term":[{"taxonomy":"product_brand","embeddable":true,"href":"https:\/\/mc-store.net\/ar\/wp-json\/wp\/v2\/product_brand?post=8958"},{"taxonomy":"product_cat","embeddable":true,"href":"https:\/\/mc-store.net\/ar\/wp-json\/wp\/v2\/product_cat?post=8958"},{"taxonomy":"product_tag","embeddable":true,"href":"https:\/\/mc-store.net\/ar\/wp-json\/wp\/v2\/product_tag?post=8958"}],"curies":[{"name":"wp","href":"https:\/\/api.w.org\/{rel}","templated":true}]}}