{"id":8979,"date":"2025-08-24T16:56:06","date_gmt":"2025-08-24T14:56:06","guid":{"rendered":"https:\/\/mc-store.net\/?post_type=product&#038;p=8979"},"modified":"2025-10-05T12:56:15","modified_gmt":"2025-10-05T10:56:15","slug":"erkek-bebek-ayi-nakisli-keten-salopet-2-li","status":"publish","type":"product","link":"https:\/\/mc-store.net\/ar\/product\/erkek-bebek-ayi-nakisli-keten-salopet-2-li\/","title":{"rendered":"Erkek Bebek Ay\u0131 Nak\u0131\u015fl\u0131 Keten Salopet 2&#8242; Li"},"content":{"rendered":"<p>&#8211; Bebe\u011finizin cildine nazik dokunu\u015fuyla keten kuma\u015ftan \u00fcretilmi\u015ftir, uzun s\u00fcreli kullan\u0131m i\u00e7in idealdir.<br \/>\n&#8211; Ay\u0131 nak\u0131\u015f\u0131 detaylar\u0131yla \u015f\u0131kl\u0131\u011f\u0131 ve sevimlili\u011fi bir arada sunar; her ortamda dikkat \u00e7eker.<br \/>\n&#8211; Bej rengiyle kolayca kombinlenebilir ve farkl\u0131 aksesuarlarla zenginle\u015ftirilebilir.<br \/>\n&#8211; Standart boy ve regular kal\u0131p ile rahat hareket etme \u00f6zg\u00fcrl\u00fc\u011f\u00fc sa\u011flar.<br \/>\n&#8211; Uzun kollu tasar\u0131m\u0131 sayesinde mevsim ge\u00e7i\u015flerinde de konforlu bir kullan\u0131m sunar.<br \/>\n&#8211; Bisiklet yakas\u0131 ve standart kol tipi ile modern ve zamans\u0131z bir g\u00f6r\u00fcn\u00fcm kazand\u0131r\u0131r.<br \/>\n&#8211; Lastikli pa\u00e7a yap\u0131s\u0131 pratik giyip \u00e7\u0131karmay\u0131 m\u00fcmk\u00fcn k\u0131lar ve bebeklerin ayaklar\u0131n\u0131n rahat etmesini sa\u011flar.<\/p>","protected":false},"excerpt":{"rendered":"<p>&#8211; Bebe\u011finizin cildine nazik dokunu\u015fuyla keten kuma\u015ftan \u00fcretilmi\u015ftir, uzun s\u00fcreli kullan\u0131m i\u00e7in idealdir. &#8211; Ay\u0131 nak\u0131\u015f\u0131 detaylar\u0131yla \u015f\u0131kl\u0131\u011f\u0131 ve sevimlili\u011fi bir arada sunar; her ortamda dikkat \u00e7eker. &#8211; Bej rengiyle kolayca kombinlenebilir ve farkl\u0131 aksesuarlarla zenginle\u015ftirilebilir. &#8211; Standart boy ve regular kal\u0131p ile rahat hareket etme \u00f6zg\u00fcrl\u00fc\u011f\u00fc sa\u011flar. &#8211; Uzun kollu tasar\u0131m\u0131 sayesinde mevsim ge\u00e7i\u015flerinde&#8230;<\/p>","protected":false},"featured_media":9147,"comment_status":"open","ping_status":"closed","template":"","meta":{"_surecart_dashboard_logo_width":"180px","_surecart_dashboard_show_logo":true,"_surecart_dashboard_navigation_orders":true,"_surecart_dashboard_navigation_invoices":true,"_surecart_dashboard_navigation_subscriptions":true,"_surecart_dashboard_navigation_downloads":true,"_surecart_dashboard_navigation_billing":true,"_surecart_dashboard_navigation_account":true,"_kad_post_transparent":"default","_kad_post_title":"","_kad_post_layout":"default","_kad_post_sidebar_id":"","_kad_post_content_style":"default","_kad_post_vertical_padding":"default","_kad_post_feature":"","_kad_post_feature_position":"","_kad_post_header":false,"_kad_post_footer":false},"product_brand":[41],"product_cat":[63,123,15],"product_tag":[122,120,141],"class_list":{"0":"post-8979","1":"product","2":"type-product","3":"status-publish","4":"has-post-thumbnail","6":"product_brand-mc-familystore","7":"product_cat-bebek-takimi","8":"product_cat-firsat-urunleri","9":"product_cat-tulum","10":"product_tag-bebek","11":"product_tag-erkek-bebek","12":"product_tag-sonbahar-kis","14":"first","15":"instock","16":"sale","17":"shipping-taxable","18":"purchasable","19":"product-type-variable","20":"entry","21":"content-bg","22":"loop-entry"},"aioseo_notices":[],"_links":{"self":[{"href":"https:\/\/mc-store.net\/ar\/wp-json\/wp\/v2\/product\/8979","targetHints":{"allow":["GET"]}}],"collection":[{"href":"https:\/\/mc-store.net\/ar\/wp-json\/wp\/v2\/product"}],"about":[{"href":"https:\/\/mc-store.net\/ar\/wp-json\/wp\/v2\/types\/product"}],"replies":[{"embeddable":true,"href":"https:\/\/mc-store.net\/ar\/wp-json\/wp\/v2\/comments?post=8979"}],"version-history":[{"count":1,"href":"https:\/\/mc-store.net\/ar\/wp-json\/wp\/v2\/product\/8979\/revisions"}],"predecessor-version":[{"id":8995,"href":"https:\/\/mc-store.net\/ar\/wp-json\/wp\/v2\/product\/8979\/revisions\/8995"}],"wp:featuredmedia":[{"embeddable":true,"href":"https:\/\/mc-store.net\/ar\/wp-json\/wp\/v2\/media\/9147"}],"wp:attachment":[{"href":"https:\/\/mc-store.net\/ar\/wp-json\/wp\/v2\/media?parent=8979"}],"wp:term":[{"taxonomy":"product_brand","embeddable":true,"href":"https:\/\/mc-store.net\/ar\/wp-json\/wp\/v2\/product_brand?post=8979"},{"taxonomy":"product_cat","embeddable":true,"href":"https:\/\/mc-store.net\/ar\/wp-json\/wp\/v2\/product_cat?post=8979"},{"taxonomy":"product_tag","embeddable":true,"href":"https:\/\/mc-store.net\/ar\/wp-json\/wp\/v2\/product_tag?post=8979"}],"curies":[{"name":"wp","href":"https:\/\/api.w.org\/{rel}","templated":true}]}}