{"id":9014,"date":"2025-08-24T17:30:36","date_gmt":"2025-08-24T15:30:36","guid":{"rendered":"https:\/\/mc-store.net\/?post_type=product&#038;p=9014"},"modified":"2025-09-03T21:53:09","modified_gmt":"2025-09-03T19:53:09","slug":"cocuk-muhtesem-2li-elbise","status":"publish","type":"product","link":"https:\/\/mc-store.net\/ar\/product\/cocuk-muhtesem-2li-elbise\/","title":{"rendered":"\u00c7ocuk Muhte\u015fem 2&#8217;li Elbise"},"content":{"rendered":"<p>&#8211; Krem rengin zarif tonlar\u0131yla s\u00fcslenmi\u015f, her ortamda dikkat \u00e7eken bir g\u00f6r\u00fcn\u00fcm sunar.<br \/>\n&#8211; Rahat kesimi sayesinde hareket \u00f6zg\u00fcrl\u00fc\u011f\u00fc sa\u011flar; \u00e7ocuklar g\u00fcn boyu rahat ederler.<br \/>\n&#8211; Bolero detay\u0131 ile \u015f\u0131kl\u0131\u011f\u0131na \u015f\u0131kl\u0131k katar ve mevsim ge\u00e7i\u015flerinde ideal bir tercih olur.<br \/>\n&#8211; Fermuarl\u0131 kapama \u015fekli pratik kullan\u0131m imkan\u0131 tan\u0131r; kolayca giyilip \u00e7\u0131kar\u0131labilir.<br \/>\n&#8211; Kemersiz tasar\u0131m\u0131yla modern ve minimalist bir stil sergiler.<br \/>\n&#8211; Uzun kollu yap\u0131s\u0131 so\u011fuk havalarda ekstra koruma sa\u011flar.<br \/>\n&#8211; Triko materyali yumu\u015fak dokusuyla konforlu bir deneyim sunarken dayan\u0131kl\u0131l\u0131\u011f\u0131ndan \u00f6d\u00fcn vermez.<br \/>\n&#8211; Astarl\u0131 yap\u0131s\u0131 sayesinde i\u00e7 g\u00f6stermeyen yap\u0131da olup, d\u0131\u015f giyimle kombinlemeye uygundur.<br \/>\n&#8211; Type 1 y\u0131kama talimat\u0131na uygun \u015fekilde temizlenmesi kolayd\u0131r; bak\u0131m\u0131 pratiktir.<br \/>\n&#8211; Bebe yakas\u0131 ile hem s\u0131cak tutar hem de sevimli bir g\u00f6r\u00fcn\u00fcm kazand\u0131r\u0131r.<\/p>","protected":false},"excerpt":{"rendered":"<p>K\u0131z \u00c7ocuk Triko Bolerolu Elbise \u00c7ocuk Tak\u0131m Elbise K\u0131z \u00c7ocuk Muhte\u015fem 2&#8217;li Elbise<\/p>","protected":false},"featured_media":9146,"comment_status":"open","ping_status":"closed","template":"","meta":{"_surecart_dashboard_logo_width":"180px","_surecart_dashboard_show_logo":true,"_surecart_dashboard_navigation_orders":true,"_surecart_dashboard_navigation_invoices":true,"_surecart_dashboard_navigation_subscriptions":true,"_surecart_dashboard_navigation_downloads":true,"_surecart_dashboard_navigation_billing":true,"_surecart_dashboard_navigation_account":true,"_kad_post_transparent":"default","_kad_post_title":"","_kad_post_layout":"default","_kad_post_sidebar_id":"","_kad_post_content_style":"default","_kad_post_vertical_padding":"default","_kad_post_feature":"","_kad_post_feature_position":"","_kad_post_header":false,"_kad_post_footer":false},"product_brand":[41],"product_cat":[32],"product_tag":[118],"class_list":{"0":"post-9014","1":"product","2":"type-product","3":"status-publish","4":"has-post-thumbnail","6":"product_brand-mc-familystore","7":"product_cat-takim-elbise","8":"product_tag-cocuk","10":"first","11":"instock","12":"sale","13":"shipping-taxable","14":"purchasable","15":"product-type-variable","16":"entry","17":"content-bg","18":"loop-entry"},"aioseo_notices":[],"_links":{"self":[{"href":"https:\/\/mc-store.net\/ar\/wp-json\/wp\/v2\/product\/9014","targetHints":{"allow":["GET"]}}],"collection":[{"href":"https:\/\/mc-store.net\/ar\/wp-json\/wp\/v2\/product"}],"about":[{"href":"https:\/\/mc-store.net\/ar\/wp-json\/wp\/v2\/types\/product"}],"replies":[{"embeddable":true,"href":"https:\/\/mc-store.net\/ar\/wp-json\/wp\/v2\/comments?post=9014"}],"version-history":[{"count":1,"href":"https:\/\/mc-store.net\/ar\/wp-json\/wp\/v2\/product\/9014\/revisions"}],"predecessor-version":[{"id":9031,"href":"https:\/\/mc-store.net\/ar\/wp-json\/wp\/v2\/product\/9014\/revisions\/9031"}],"wp:featuredmedia":[{"embeddable":true,"href":"https:\/\/mc-store.net\/ar\/wp-json\/wp\/v2\/media\/9146"}],"wp:attachment":[{"href":"https:\/\/mc-store.net\/ar\/wp-json\/wp\/v2\/media?parent=9014"}],"wp:term":[{"taxonomy":"product_brand","embeddable":true,"href":"https:\/\/mc-store.net\/ar\/wp-json\/wp\/v2\/product_brand?post=9014"},{"taxonomy":"product_cat","embeddable":true,"href":"https:\/\/mc-store.net\/ar\/wp-json\/wp\/v2\/product_cat?post=9014"},{"taxonomy":"product_tag","embeddable":true,"href":"https:\/\/mc-store.net\/ar\/wp-json\/wp\/v2\/product_tag?post=9014"}],"curies":[{"name":"wp","href":"https:\/\/api.w.org\/{rel}","templated":true}]}}