{"id":9182,"date":"2025-09-09T18:40:15","date_gmt":"2025-09-09T16:40:15","guid":{"rendered":"https:\/\/mc-store.net\/?post_type=product&#038;p=9182"},"modified":"2025-09-09T18:47:08","modified_gmt":"2025-09-09T16:47:08","slug":"unisex-kot-tulum-sonbahar-kis-2li-takim","status":"publish","type":"product","link":"https:\/\/mc-store.net\/ar\/product\/unisex-kot-tulum-sonbahar-kis-2li-takim\/","title":{"rendered":"UN\u0130SEX KOT TULUM SONBAHAR KI\u015e  2L\u0130 TAKIM"},"content":{"rendered":"<p>&#8211; Bebeklerin rahat hareket etmesini sa\u011flayan regular kal\u0131p tasar\u0131m\u0131yla g\u00fcnl\u00fck kullan\u0131m i\u00e7in idealdir.<br \/>\n&#8211; Y\u00fcksek kaliteli denim kuma\u015f\u0131 sayesinde dayan\u0131kl\u0131l\u0131\u011f\u0131 art\u0131r\u0131lm\u0131\u015f, uzun s\u00fcreli kullan\u0131m sunar.<br \/>\n&#8211; Jogger silueti ile modern ve \u015f\u0131k bir g\u00f6r\u00fcn\u00fcm kazand\u0131r\u0131rken, bebe\u011finizin konforunu \u00f6n planda tutar.<br \/>\n&#8211; Gri renk se\u00e7ene\u011fiyle hem k\u0131z hem de erkek bebekler i\u00e7in uygun, zamans\u0131z bir tarz olu\u015fturur.<br \/>\n&#8211; Unisex koleksiyon par\u00e7as\u0131 olarak her iki cinsiyete de hitap eder; aile i\u00e7inde kolayca kombinlenebilir.<br \/>\n&#8211; Uzun kollu tasar\u0131m so\u011fuk havalarda ekstra koruma sa\u011flarken, pamuk materyali cildi tahri\u015f etmez.<br \/>\n&#8211; Toka detaylar\u0131 ile pratik kullan\u0131m imkan\u0131 sunarken, ayn\u0131 zamanda estetik bir dokunu\u015f katmaktad\u0131r.<br \/>\n&#8211; Casual ortamlarda rahatl\u0131kla tercih edilebilecek bu tak\u0131m, g\u00fcnl\u00fck aktiviteler i\u00e7in m\u00fckemmeldir.<\/p>","protected":false},"excerpt":{"rendered":"<p>&#8211; Bebeklerin rahat hareket etmesini sa\u011flayan regular kal\u0131p tasar\u0131m\u0131yla g\u00fcnl\u00fck kullan\u0131m i\u00e7in idealdir. &#8211; Y\u00fcksek kaliteli denim kuma\u015f\u0131 sayesinde dayan\u0131kl\u0131l\u0131\u011f\u0131 art\u0131r\u0131lm\u0131\u015f, uzun s\u00fcreli kullan\u0131m sunar. &#8211; Jogger silueti ile modern ve \u015f\u0131k bir g\u00f6r\u00fcn\u00fcm kazand\u0131r\u0131rken, bebe\u011finizin konforunu \u00f6n planda tutar. &#8211; Gri renk se\u00e7ene\u011fiyle hem k\u0131z hem de erkek bebekler i\u00e7in uygun, zamans\u0131z bir tarz&#8230;<\/p>","protected":false},"featured_media":9183,"comment_status":"open","ping_status":"closed","template":"","meta":{"_surecart_dashboard_logo_width":"180px","_surecart_dashboard_show_logo":true,"_surecart_dashboard_navigation_orders":true,"_surecart_dashboard_navigation_invoices":true,"_surecart_dashboard_navigation_subscriptions":true,"_surecart_dashboard_navigation_downloads":true,"_surecart_dashboard_navigation_billing":true,"_surecart_dashboard_navigation_account":true,"_kad_post_transparent":"default","_kad_post_title":"","_kad_post_layout":"default","_kad_post_sidebar_id":"","_kad_post_content_style":"default","_kad_post_vertical_padding":"default","_kad_post_feature":"","_kad_post_feature_position":"","_kad_post_header":false,"_kad_post_footer":false},"product_brand":[41],"product_cat":[63,30,15],"product_tag":[122,120,121,119,118,141],"class_list":{"0":"post-9182","1":"product","2":"type-product","3":"status-publish","4":"has-post-thumbnail","6":"product_brand-mc-familystore","7":"product_cat-bebek-takimi","8":"product_cat-salopet","9":"product_cat-tulum","10":"product_tag-bebek","11":"product_tag-erkek-bebek","12":"product_tag-erkek-cocuk","13":"product_tag-kiz-bebek","14":"product_tag-cocuk","15":"product_tag-sonbahar-kis","17":"first","18":"instock","19":"sale","20":"shipping-taxable","21":"purchasable","22":"product-type-variable","23":"entry","24":"content-bg","25":"loop-entry"},"aioseo_notices":[],"_links":{"self":[{"href":"https:\/\/mc-store.net\/ar\/wp-json\/wp\/v2\/product\/9182","targetHints":{"allow":["GET"]}}],"collection":[{"href":"https:\/\/mc-store.net\/ar\/wp-json\/wp\/v2\/product"}],"about":[{"href":"https:\/\/mc-store.net\/ar\/wp-json\/wp\/v2\/types\/product"}],"replies":[{"embeddable":true,"href":"https:\/\/mc-store.net\/ar\/wp-json\/wp\/v2\/comments?post=9182"}],"version-history":[{"count":1,"href":"https:\/\/mc-store.net\/ar\/wp-json\/wp\/v2\/product\/9182\/revisions"}],"predecessor-version":[{"id":9191,"href":"https:\/\/mc-store.net\/ar\/wp-json\/wp\/v2\/product\/9182\/revisions\/9191"}],"wp:featuredmedia":[{"embeddable":true,"href":"https:\/\/mc-store.net\/ar\/wp-json\/wp\/v2\/media\/9183"}],"wp:attachment":[{"href":"https:\/\/mc-store.net\/ar\/wp-json\/wp\/v2\/media?parent=9182"}],"wp:term":[{"taxonomy":"product_brand","embeddable":true,"href":"https:\/\/mc-store.net\/ar\/wp-json\/wp\/v2\/product_brand?post=9182"},{"taxonomy":"product_cat","embeddable":true,"href":"https:\/\/mc-store.net\/ar\/wp-json\/wp\/v2\/product_cat?post=9182"},{"taxonomy":"product_tag","embeddable":true,"href":"https:\/\/mc-store.net\/ar\/wp-json\/wp\/v2\/product_tag?post=9182"}],"curies":[{"name":"wp","href":"https:\/\/api.w.org\/{rel}","templated":true}]}}