{"id":9202,"date":"2025-09-09T18:48:01","date_gmt":"2025-09-09T16:48:01","guid":{"rendered":"https:\/\/mc-store.net\/?post_type=product&#038;p=9202"},"modified":"2025-09-09T18:51:42","modified_gmt":"2025-09-09T16:51:42","slug":"unisex-kot-tulum-sonbahar-kis-2li-takim-3","status":"publish","type":"product","link":"https:\/\/mc-store.net\/ar\/product\/unisex-kot-tulum-sonbahar-kis-2li-takim-3\/","title":{"rendered":"UN\u0130SEX KOT TULUM SONBAHAR KI\u015e  2L\u0130 TAKIM"},"content":{"rendered":"<p>&#8211; Bebeklerin rahat hareket etmesini sa\u011flayan regular kal\u0131p tasar\u0131m\u0131yla konforlu bir kullan\u0131m sunar.<br \/>\n&#8211; Pamuk materyali sayesinde cildi tahri\u015f etmeden yumu\u015fak bir dokunu\u015f sa\u011flar.<br \/>\n&#8211; Jogger silueti ile modern ve \u015f\u0131k bir g\u00f6r\u00fcn\u00fcm kazand\u0131r\u0131rken, g\u00fcnl\u00fck kullan\u0131m i\u00e7in idealdir.<br \/>\n&#8211; Pembe renk se\u00e7ene\u011fiyle ne\u015feli ve canl\u0131 bir stil olu\u015ftururken, unisex koleksiyon par\u00e7as\u0131 olarak herkes taraf\u0131ndan tercih edilebilir.<br \/>\n&#8211; Uzun kollu tasar\u0131m so\u011fuk havalarda ekstra koruma sa\u011flarken, uzun kol boyu rahatl\u0131k sunar.<br \/>\n&#8211; Toka detaylar\u0131 ile pratik kullan\u0131m imkan\u0131 tan\u0131rken, ayn\u0131 zamanda estetik bir dokunu\u015f katmaktad\u0131r.<br \/>\n&#8211; Regular pa\u00e7a tipi sayesinde ayakkab\u0131lara kolayca uyum sa\u011flayarak \u015f\u0131k kombinler yapman\u0131z\u0131 m\u00fcmk\u00fcn k\u0131lar.<br \/>\n&#8211; Casual ortamlarda rahatl\u0131kla giyilebilen bu tulum, g\u00fcnl\u00fck aktivitelerde idealdir.<br \/>\n&#8211; Bask\u0131l\u0131 deseniyle dikkat \u00e7ekici ve e\u011flenceli bir g\u00f6r\u00fcn\u00fcm sergiler.<\/p>","protected":false},"excerpt":{"rendered":"<p>&#8211; Bebeklerin rahat hareket etmesini sa\u011flayan regular kal\u0131p tasar\u0131m\u0131yla konforlu bir kullan\u0131m sunar. &#8211; Pamuk materyali sayesinde cildi tahri\u015f etmeden yumu\u015fak bir dokunu\u015f sa\u011flar. &#8211; Jogger silueti ile modern ve \u015f\u0131k bir g\u00f6r\u00fcn\u00fcm kazand\u0131r\u0131rken, g\u00fcnl\u00fck kullan\u0131m i\u00e7in idealdir. &#8211; Pembe renk se\u00e7ene\u011fiyle ne\u015feli ve canl\u0131 bir stil olu\u015ftururken, unisex koleksiyon par\u00e7as\u0131 olarak herkes taraf\u0131ndan tercih&#8230;<\/p>","protected":false},"featured_media":9207,"comment_status":"open","ping_status":"closed","template":"","meta":{"_surecart_dashboard_logo_width":"180px","_surecart_dashboard_show_logo":true,"_surecart_dashboard_navigation_orders":true,"_surecart_dashboard_navigation_invoices":true,"_surecart_dashboard_navigation_subscriptions":true,"_surecart_dashboard_navigation_downloads":true,"_surecart_dashboard_navigation_billing":true,"_surecart_dashboard_navigation_account":true,"_kad_post_transparent":"default","_kad_post_title":"","_kad_post_layout":"default","_kad_post_sidebar_id":"","_kad_post_content_style":"default","_kad_post_vertical_padding":"default","_kad_post_feature":"","_kad_post_feature_position":"","_kad_post_header":false,"_kad_post_footer":false},"product_brand":[41],"product_cat":[63,30,15],"product_tag":[122,120,121,119,118,141],"class_list":{"0":"post-9202","1":"product","2":"type-product","3":"status-publish","4":"has-post-thumbnail","6":"product_brand-mc-familystore","7":"product_cat-bebek-takimi","8":"product_cat-salopet","9":"product_cat-tulum","10":"product_tag-bebek","11":"product_tag-erkek-bebek","12":"product_tag-erkek-cocuk","13":"product_tag-kiz-bebek","14":"product_tag-cocuk","15":"product_tag-sonbahar-kis","17":"first","18":"instock","19":"sale","20":"shipping-taxable","21":"purchasable","22":"product-type-variable","23":"entry","24":"content-bg","25":"loop-entry"},"aioseo_notices":[],"_links":{"self":[{"href":"https:\/\/mc-store.net\/ar\/wp-json\/wp\/v2\/product\/9202","targetHints":{"allow":["GET"]}}],"collection":[{"href":"https:\/\/mc-store.net\/ar\/wp-json\/wp\/v2\/product"}],"about":[{"href":"https:\/\/mc-store.net\/ar\/wp-json\/wp\/v2\/types\/product"}],"replies":[{"embeddable":true,"href":"https:\/\/mc-store.net\/ar\/wp-json\/wp\/v2\/comments?post=9202"}],"version-history":[{"count":1,"href":"https:\/\/mc-store.net\/ar\/wp-json\/wp\/v2\/product\/9202\/revisions"}],"predecessor-version":[{"id":9210,"href":"https:\/\/mc-store.net\/ar\/wp-json\/wp\/v2\/product\/9202\/revisions\/9210"}],"wp:featuredmedia":[{"embeddable":true,"href":"https:\/\/mc-store.net\/ar\/wp-json\/wp\/v2\/media\/9207"}],"wp:attachment":[{"href":"https:\/\/mc-store.net\/ar\/wp-json\/wp\/v2\/media?parent=9202"}],"wp:term":[{"taxonomy":"product_brand","embeddable":true,"href":"https:\/\/mc-store.net\/ar\/wp-json\/wp\/v2\/product_brand?post=9202"},{"taxonomy":"product_cat","embeddable":true,"href":"https:\/\/mc-store.net\/ar\/wp-json\/wp\/v2\/product_cat?post=9202"},{"taxonomy":"product_tag","embeddable":true,"href":"https:\/\/mc-store.net\/ar\/wp-json\/wp\/v2\/product_tag?post=9202"}],"curies":[{"name":"wp","href":"https:\/\/api.w.org\/{rel}","templated":true}]}}