{"id":9216,"date":"2025-09-09T18:52:48","date_gmt":"2025-09-09T16:52:48","guid":{"rendered":"https:\/\/mc-store.net\/?post_type=product&#038;p=9216"},"modified":"2025-09-19T20:33:04","modified_gmt":"2025-09-19T18:33:04","slug":"unisex-kapsonlu-ayakli-kapitone-3-6-9-ay","status":"publish","type":"product","link":"https:\/\/mc-store.net\/ar\/product\/unisex-kapsonlu-ayakli-kapitone-3-6-9-ay\/","title":{"rendered":"UN\u0130SEX KAP\u015eONL\u00dc AYAKLI KAP\u0130TONE 3-6-9 AY"},"content":{"rendered":"<p>&#8211; Bebe\u011finizin konforunu \u00f6n planda tutan kap\u00fc\u015fonlu ve ayakl\u0131 tasar\u0131m\u0131yla, so\u011fuk havalarda bile s\u0131cak tutar.<br \/>\n&#8211; Hem k\u0131z hem de erkek bebekler i\u00e7in uygun olan bu tulum, unisex koleksiyonun par\u00e7as\u0131d\u0131r.<br \/>\n&#8211; Petek deseniyle \u015f\u0131k ve modern bir g\u00f6r\u00fcn\u00fcm sunarken, \u00f6rme kuma\u015f\u0131 yumu\u015fak dokusuyla bebe\u011finizin cildine nazik\u00e7e dokunur.<br \/>\n&#8211; 0-9 ay aras\u0131 bebekler i\u00e7in ideal bedeniyle rahat hareket etmelerini sa\u011flar.<br \/>\n&#8211; Ekru rengi sayesinde kolayca kombinlenebilir ve her ortama uyum sa\u011flar.<br \/>\n&#8211; Kap\u00fc\u015fonlu yaka tipi ile ba\u015f\u0131n\u0131 korurken, uzun kollu tasar\u0131m so\u011fuktan tam koruma sunar.<br \/>\n&#8211; G\u00fcnl\u00fck kullan\u0131m i\u00e7in ideal olan bu tulum, bebe\u011finizin rahatl\u0131\u011f\u0131n\u0131 d\u00fc\u015f\u00fcnerek tasarlanm\u0131\u015ft\u0131r.<br \/>\n&#8211; Uzun silueti sayesinde bebe\u011finizin bacaklar\u0131n\u0131 s\u0131cak tutarak konforlu bir deneyim ya\u015fat\u0131r.<br \/>\n&#8211; Pamuk materyali tercih edilerek nefes alabilir yap\u0131da olup, organik malzemelerle s\u00fcrd\u00fcr\u00fclebilirlik ilkesine katk\u0131da bulunur.<\/p>","protected":false},"excerpt":{"rendered":"<p>&#8211; Bebe\u011finizin konforunu \u00f6n planda tutan kap\u00fc\u015fonlu ve ayakl\u0131 tasar\u0131m\u0131yla, so\u011fuk havalarda bile s\u0131cak tutar. &#8211; Hem k\u0131z hem de erkek bebekler i\u00e7in uygun olan bu tulum, unisex koleksiyonun par\u00e7as\u0131d\u0131r. &#8211; Petek deseniyle \u015f\u0131k ve modern bir g\u00f6r\u00fcn\u00fcm sunarken, \u00f6rme kuma\u015f\u0131 yumu\u015fak dokusuyla bebe\u011finizin cildine nazik\u00e7e dokunur. &#8211; 0-9 ay aras\u0131 bebekler i\u00e7in ideal bedeniyle&#8230;<\/p>","protected":false},"featured_media":9221,"comment_status":"open","ping_status":"closed","template":"","meta":{"_surecart_dashboard_logo_width":"180px","_surecart_dashboard_show_logo":true,"_surecart_dashboard_navigation_orders":true,"_surecart_dashboard_navigation_invoices":true,"_surecart_dashboard_navigation_subscriptions":true,"_surecart_dashboard_navigation_downloads":true,"_surecart_dashboard_navigation_billing":true,"_surecart_dashboard_navigation_account":true,"_kad_post_transparent":"default","_kad_post_title":"","_kad_post_layout":"default","_kad_post_sidebar_id":"","_kad_post_content_style":"default","_kad_post_vertical_padding":"default","_kad_post_feature":"","_kad_post_feature_position":"","_kad_post_header":false,"_kad_post_footer":false},"product_brand":[41],"product_cat":[30,15,29],"product_tag":[122,120,119,141],"class_list":{"0":"post-9216","1":"product","2":"type-product","3":"status-publish","4":"has-post-thumbnail","6":"product_brand-mc-familystore","7":"product_cat-salopet","8":"product_cat-tulum","9":"product_cat-uyku-tulumu","10":"product_tag-bebek","11":"product_tag-erkek-bebek","12":"product_tag-kiz-bebek","13":"product_tag-sonbahar-kis","15":"first","16":"instock","17":"sale","18":"shipping-taxable","19":"purchasable","20":"product-type-variable","21":"entry","22":"content-bg","23":"loop-entry"},"aioseo_notices":[],"_links":{"self":[{"href":"https:\/\/mc-store.net\/ar\/wp-json\/wp\/v2\/product\/9216","targetHints":{"allow":["GET"]}}],"collection":[{"href":"https:\/\/mc-store.net\/ar\/wp-json\/wp\/v2\/product"}],"about":[{"href":"https:\/\/mc-store.net\/ar\/wp-json\/wp\/v2\/types\/product"}],"replies":[{"embeddable":true,"href":"https:\/\/mc-store.net\/ar\/wp-json\/wp\/v2\/comments?post=9216"}],"version-history":[{"count":1,"href":"https:\/\/mc-store.net\/ar\/wp-json\/wp\/v2\/product\/9216\/revisions"}],"predecessor-version":[{"id":9230,"href":"https:\/\/mc-store.net\/ar\/wp-json\/wp\/v2\/product\/9216\/revisions\/9230"}],"wp:featuredmedia":[{"embeddable":true,"href":"https:\/\/mc-store.net\/ar\/wp-json\/wp\/v2\/media\/9221"}],"wp:attachment":[{"href":"https:\/\/mc-store.net\/ar\/wp-json\/wp\/v2\/media?parent=9216"}],"wp:term":[{"taxonomy":"product_brand","embeddable":true,"href":"https:\/\/mc-store.net\/ar\/wp-json\/wp\/v2\/product_brand?post=9216"},{"taxonomy":"product_cat","embeddable":true,"href":"https:\/\/mc-store.net\/ar\/wp-json\/wp\/v2\/product_cat?post=9216"},{"taxonomy":"product_tag","embeddable":true,"href":"https:\/\/mc-store.net\/ar\/wp-json\/wp\/v2\/product_tag?post=9216"}],"curies":[{"name":"wp","href":"https:\/\/api.w.org\/{rel}","templated":true}]}}