{"id":9231,"date":"2025-09-09T19:12:24","date_gmt":"2025-09-09T17:12:24","guid":{"rendered":"https:\/\/mc-store.net\/?post_type=product&#038;p=9231"},"modified":"2025-09-19T20:39:00","modified_gmt":"2025-09-19T18:39:00","slug":"3-lu-yelekli-kalin-kislik-kiz-bebek-takim-3-iplik","status":"publish","type":"product","link":"https:\/\/mc-store.net\/ar\/product\/3-lu-yelekli-kalin-kislik-kiz-bebek-takim-3-iplik\/","title":{"rendered":"3 L\u00dc YELEKLI KALIN KI\u015eLIK KIZ BEBEK TAKIM 3 \u0130PLIK"},"content":{"rendered":"<p>&#8211; Bebeklerinize \u00f6zel tasarlanm\u0131\u015f, kal\u0131n k\u0131\u015fl\u0131k 3&#8217;l\u00fc tak\u0131m; so\u011fuk havalarda s\u0131cak tutar.<br \/>\n&#8211; Sevimli hayvan desenleriyle s\u00fcslenmi\u015f bu tak\u0131m, minik prenseslerinizi \u015f\u0131mart\u0131r.<br \/>\n&#8211; Standart boy ve jogger kal\u0131b\u0131yla rahat hareket etmelerini sa\u011flar.<br \/>\n&#8211; %100 pamuk materyali sayesinde cildi tahri\u015f etmeden yumu\u015fak bir dokunu\u015f sunar.<br \/>\n&#8211; G\u00fcnl\u00fck kullan\u0131m i\u00e7in ideal olan bu tak\u0131m, evde ya da d\u0131\u015far\u0131da keyifli anlar\u0131n vazge\u00e7ilmezi olur.<br \/>\n&#8211; G\u00fcnl\u00fck ortamlarda rahatl\u0131kla tercih edebilece\u011finiz bu tak\u0131m, pratikli\u011fi ve \u015f\u0131kl\u0131\u011f\u0131 bir arada sunar.<br \/>\n&#8211; Regular pa\u00e7a tipi ile modern bir g\u00f6r\u00fcn\u00fcm kazand\u0131r\u0131rken, uzun kol boyu so\u011fuktan korur.<br \/>\n&#8211; Bisiklet yakas\u0131 sayesinde kolayca giydirip \u00e7\u0131kart\u0131labilir ve \u015f\u0131k duru\u015f sergiler.<br \/>\n&#8211; Web color pembe rengiyle ne\u015feli ve canl\u0131 bir stil olu\u015fturman\u0131zda yard\u0131mc\u0131 olur.<\/p>","protected":false},"excerpt":{"rendered":"<p>&#8211; Bebeklerinize \u00f6zel tasarlanm\u0131\u015f, kal\u0131n k\u0131\u015fl\u0131k 3&#8217;l\u00fc tak\u0131m; so\u011fuk havalarda s\u0131cak tutar. &#8211; Sevimli hayvan desenleriyle s\u00fcslenmi\u015f bu tak\u0131m, minik prenseslerinizi \u015f\u0131mart\u0131r. &#8211; Standart boy ve jogger kal\u0131b\u0131yla rahat hareket etmelerini sa\u011flar. &#8211; %100 pamuk materyali sayesinde cildi tahri\u015f etmeden yumu\u015fak bir dokunu\u015f sunar. &#8211; G\u00fcnl\u00fck kullan\u0131m i\u00e7in ideal olan bu tak\u0131m, evde ya da&#8230;<\/p>","protected":false},"featured_media":9232,"comment_status":"open","ping_status":"closed","template":"","meta":{"_surecart_dashboard_logo_width":"180px","_surecart_dashboard_show_logo":true,"_surecart_dashboard_navigation_orders":true,"_surecart_dashboard_navigation_invoices":true,"_surecart_dashboard_navigation_subscriptions":true,"_surecart_dashboard_navigation_downloads":true,"_surecart_dashboard_navigation_billing":true,"_surecart_dashboard_navigation_account":true,"_kad_post_transparent":"default","_kad_post_title":"","_kad_post_layout":"default","_kad_post_sidebar_id":"","_kad_post_content_style":"default","_kad_post_vertical_padding":"default","_kad_post_feature":"","_kad_post_feature_position":"","_kad_post_header":false,"_kad_post_footer":false},"product_brand":[41],"product_cat":[25,63,97],"product_tag":[122,119,118,141],"class_list":{"0":"post-9231","1":"product","2":"type-product","3":"status-publish","4":"has-post-thumbnail","6":"product_brand-mc-familystore","7":"product_cat-alt-ust-takim","8":"product_cat-bebek-takimi","9":"product_cat-esofman-takimi","10":"product_tag-bebek","11":"product_tag-kiz-bebek","12":"product_tag-cocuk","13":"product_tag-sonbahar-kis","15":"first","16":"instock","17":"sale","18":"shipping-taxable","19":"purchasable","20":"product-type-variable","21":"entry","22":"content-bg","23":"loop-entry"},"aioseo_notices":[],"_links":{"self":[{"href":"https:\/\/mc-store.net\/ar\/wp-json\/wp\/v2\/product\/9231","targetHints":{"allow":["GET"]}}],"collection":[{"href":"https:\/\/mc-store.net\/ar\/wp-json\/wp\/v2\/product"}],"about":[{"href":"https:\/\/mc-store.net\/ar\/wp-json\/wp\/v2\/types\/product"}],"replies":[{"embeddable":true,"href":"https:\/\/mc-store.net\/ar\/wp-json\/wp\/v2\/comments?post=9231"}],"version-history":[{"count":1,"href":"https:\/\/mc-store.net\/ar\/wp-json\/wp\/v2\/product\/9231\/revisions"}],"predecessor-version":[{"id":9236,"href":"https:\/\/mc-store.net\/ar\/wp-json\/wp\/v2\/product\/9231\/revisions\/9236"}],"wp:featuredmedia":[{"embeddable":true,"href":"https:\/\/mc-store.net\/ar\/wp-json\/wp\/v2\/media\/9232"}],"wp:attachment":[{"href":"https:\/\/mc-store.net\/ar\/wp-json\/wp\/v2\/media?parent=9231"}],"wp:term":[{"taxonomy":"product_brand","embeddable":true,"href":"https:\/\/mc-store.net\/ar\/wp-json\/wp\/v2\/product_brand?post=9231"},{"taxonomy":"product_cat","embeddable":true,"href":"https:\/\/mc-store.net\/ar\/wp-json\/wp\/v2\/product_cat?post=9231"},{"taxonomy":"product_tag","embeddable":true,"href":"https:\/\/mc-store.net\/ar\/wp-json\/wp\/v2\/product_tag?post=9231"}],"curies":[{"name":"wp","href":"https:\/\/api.w.org\/{rel}","templated":true}]}}