{"id":9258,"date":"2025-09-09T19:29:42","date_gmt":"2025-09-09T17:29:42","guid":{"rendered":"https:\/\/mc-store.net\/?post_type=product&#038;p=9258"},"modified":"2025-09-19T20:34:19","modified_gmt":"2025-09-19T18:34:19","slug":"mevsimlik-iki-iplik-kiz-bebek-nakisli-firfirli","status":"publish","type":"product","link":"https:\/\/mc-store.net\/ar\/product\/mevsimlik-iki-iplik-kiz-bebek-nakisli-firfirli\/","title":{"rendered":"MEVS\u0130ML\u0130K \u0130K\u0130 \u0130PL\u0130K KIZ BEBEK NAKI\u015eLI FIRFIRLI"},"content":{"rendered":"<p>&#8211; Bebe\u011finizin cildine nazik dokunu\u015fuyla pamuklu kuma\u015ftan \u00fcretilmi\u015ftir, g\u00fcn boyu rahatl\u0131k sa\u011flar.<br \/>\n&#8211; \u0130ki iplik yap\u0131s\u0131 sayesinde dayan\u0131kl\u0131l\u0131\u011f\u0131 art\u0131r\u0131lm\u0131\u015ft\u0131r; s\u0131k y\u0131kamalara kar\u015f\u0131 diren\u00e7lidir.<br \/>\n&#8211; Sevimli hayvan desenleriyle s\u00fcslenmi\u015f, \u00e7ocuklar\u0131n ilgisini \u00e7eken bir tasar\u0131ma sahiptir.<br \/>\n&#8211; Standart boy kesimi ile bebe\u011finizin hareket \u00f6zg\u00fcrl\u00fc\u011f\u00fcn\u00fc k\u0131s\u0131tlamaz.<br \/>\n&#8211; Relaxed kal\u0131b\u0131 sayesinde bebeklerinize konforlu bir kullan\u0131m sunar.<br \/>\n&#8211; Jogger pa\u00e7a tipi ile modern ve \u015f\u0131k bir g\u00f6r\u00fcn\u00fcm kazand\u0131r\u0131rken, ayn\u0131 zamanda pratik giyip \u00e7\u0131karmay\u0131 kolayla\u015ft\u0131r\u0131r.<br \/>\n&#8211; Casual ortamlarda g\u00fcnl\u00fck kullan\u0131m i\u00e7in uygundur; evde ya da d\u0131\u015far\u0131da keyifli anlar\u0131n vazge\u00e7ilmezi olacak.<br \/>\n&#8211; Bisiklet yakas\u0131 ile s\u0131cak tutarken, uzun kollu tasar\u0131m so\u011fuk havalarda ekstra koruma sa\u011flar.<br \/>\n&#8211; 2&#8217;li paket i\u00e7eri\u011fiyle hem \u00fcst hem de alt par\u00e7adan olu\u015fan bu tak\u0131m, kombin ihtiyac\u0131n\u0131 ortadan kald\u0131r\u0131r.<br \/>\n&#8211; Web renk se\u00e7ene\u011fi olarak mor tonlar\u0131nda tasarlanm\u0131\u015ft\u0131r; canl\u0131 ve ne\u015feli bir stil olu\u015fturman\u0131z i\u00e7in idealdir.<\/p>","protected":false},"excerpt":{"rendered":"<p>MEVS\u0130ML\u0130K \u0130K\u0130 \u0130PL\u0130K KIZ BEBEK NAKI\u015eLI FIRFIRLI ALT \u00dcST PAMUKLU TAKIMI COTTON BABY SET OUTF\u0130T<\/p>","protected":false},"featured_media":9262,"comment_status":"open","ping_status":"closed","template":"","meta":{"_surecart_dashboard_logo_width":"180px","_surecart_dashboard_show_logo":true,"_surecart_dashboard_navigation_orders":true,"_surecart_dashboard_navigation_invoices":true,"_surecart_dashboard_navigation_subscriptions":true,"_surecart_dashboard_navigation_downloads":true,"_surecart_dashboard_navigation_billing":true,"_surecart_dashboard_navigation_account":true,"_kad_post_transparent":"default","_kad_post_title":"","_kad_post_layout":"default","_kad_post_sidebar_id":"","_kad_post_content_style":"default","_kad_post_vertical_padding":"default","_kad_post_feature":"","_kad_post_feature_position":"","_kad_post_header":false,"_kad_post_footer":false},"product_brand":[41],"product_cat":[25,63,97],"product_tag":[122,119,118,141],"class_list":{"0":"post-9258","1":"product","2":"type-product","3":"status-publish","4":"has-post-thumbnail","6":"product_brand-mc-familystore","7":"product_cat-alt-ust-takim","8":"product_cat-bebek-takimi","9":"product_cat-esofman-takimi","10":"product_tag-bebek","11":"product_tag-kiz-bebek","12":"product_tag-cocuk","13":"product_tag-sonbahar-kis","15":"first","16":"instock","17":"sale","18":"shipping-taxable","19":"purchasable","20":"product-type-variable","21":"entry","22":"content-bg","23":"loop-entry"},"aioseo_notices":[],"_links":{"self":[{"href":"https:\/\/mc-store.net\/ar\/wp-json\/wp\/v2\/product\/9258","targetHints":{"allow":["GET"]}}],"collection":[{"href":"https:\/\/mc-store.net\/ar\/wp-json\/wp\/v2\/product"}],"about":[{"href":"https:\/\/mc-store.net\/ar\/wp-json\/wp\/v2\/types\/product"}],"replies":[{"embeddable":true,"href":"https:\/\/mc-store.net\/ar\/wp-json\/wp\/v2\/comments?post=9258"}],"version-history":[{"count":2,"href":"https:\/\/mc-store.net\/ar\/wp-json\/wp\/v2\/product\/9258\/revisions"}],"predecessor-version":[{"id":9539,"href":"https:\/\/mc-store.net\/ar\/wp-json\/wp\/v2\/product\/9258\/revisions\/9539"}],"wp:featuredmedia":[{"embeddable":true,"href":"https:\/\/mc-store.net\/ar\/wp-json\/wp\/v2\/media\/9262"}],"wp:attachment":[{"href":"https:\/\/mc-store.net\/ar\/wp-json\/wp\/v2\/media?parent=9258"}],"wp:term":[{"taxonomy":"product_brand","embeddable":true,"href":"https:\/\/mc-store.net\/ar\/wp-json\/wp\/v2\/product_brand?post=9258"},{"taxonomy":"product_cat","embeddable":true,"href":"https:\/\/mc-store.net\/ar\/wp-json\/wp\/v2\/product_cat?post=9258"},{"taxonomy":"product_tag","embeddable":true,"href":"https:\/\/mc-store.net\/ar\/wp-json\/wp\/v2\/product_tag?post=9258"}],"curies":[{"name":"wp","href":"https:\/\/api.w.org\/{rel}","templated":true}]}}