{"id":9264,"date":"2025-09-09T19:36:47","date_gmt":"2025-09-09T17:36:47","guid":{"rendered":"https:\/\/mc-store.net\/?post_type=product&#038;p=9264"},"modified":"2025-09-19T20:35:46","modified_gmt":"2025-09-19T18:35:46","slug":"kiz-bebek-sisme-yelekli-3lu-takim-leoparli-velur-tayt-bluz","status":"publish","type":"product","link":"https:\/\/mc-store.net\/ar\/product\/kiz-bebek-sisme-yelekli-3lu-takim-leoparli-velur-tayt-bluz\/","title":{"rendered":"KIZ BEBEK \u015eI\u015eME YELEKL\u0130 3LU TAKIM LEOPARLI VELUR TAYT BLUZ"},"content":{"rendered":"<p>&#8211; Bebe\u011finizin rahatl\u0131\u011f\u0131 d\u00fc\u015f\u00fcn\u00fclerek tasarlanm\u0131\u015f, yumu\u015fak dokusuyla cildini tahri\u015f etmeyen pamuk materyalden \u00fcretilmi\u015ftir.<br \/>\n&#8211; Leopar deseniyle \u015f\u0131kl\u0131\u011f\u0131 ve e\u011flenceyi bir arada sunan bu tak\u0131m set, bebe\u011finizin tarz\u0131n\u0131 yans\u0131t\u0131r.<br \/>\n&#8211; Orijinal boy kesimi sayesinde bebe\u011finizin hareket \u00f6zg\u00fcrl\u00fc\u011f\u00fcn\u00fc k\u0131s\u0131tlamaz ve konforlu bir kullan\u0131m sa\u011flar.<br \/>\n&#8211; Velur tayt ve bluz kombinasyonu ile hem s\u0131cak tutan hem de \u015f\u0131k bir g\u00f6r\u00fcn\u00fcm elde edilir.<br \/>\n&#8211; Uzun kollu tasar\u0131m so\u011fuk havalarda ekstra koruma sunarken, bisiklet yakas\u0131 modern bir dokunu\u015f katmaktad\u0131r.<br \/>\n&#8211; 3 par\u00e7adan olu\u015fan paketiyle tam bir uyum i\u00e7inde olan bu set, g\u00fcnl\u00fck kullan\u0131m i\u00e7in idealdir.<br \/>\n&#8211; Dar pa\u00e7a detay\u0131 ile ayakkab\u0131n\u0131n kolayca giyilip \u00e7\u0131kart\u0131lmas\u0131na olanak tan\u0131rken ayn\u0131 zamanda stil sahibi bir g\u00f6r\u00fcn\u00fcm kazand\u0131r\u0131r.<br \/>\n&#8211; Bej rengi n\u00f6tr tonuyla her t\u00fcrl\u00fc aksesuarla kolayca e\u015fle\u015ftirilebilir; b\u00f6ylece farkl\u0131 kombinler olu\u015fturman\u0131z m\u00fcmk\u00fcnd\u00fcr.<\/p>","protected":false},"excerpt":{"rendered":"<p>KIZ BEBEK \u015eI\u015eME YELEKL\u0130 3LU TAKIM LEOPARLI VELUR TAYT BLUZ BABY G\u0130RL OUTF\u0130T SET<\/p>","protected":false},"featured_media":9269,"comment_status":"open","ping_status":"closed","template":"","meta":{"_surecart_dashboard_logo_width":"180px","_surecart_dashboard_show_logo":true,"_surecart_dashboard_navigation_orders":true,"_surecart_dashboard_navigation_invoices":true,"_surecart_dashboard_navigation_subscriptions":true,"_surecart_dashboard_navigation_downloads":true,"_surecart_dashboard_navigation_billing":true,"_surecart_dashboard_navigation_account":true,"_kad_post_transparent":"default","_kad_post_title":"","_kad_post_layout":"default","_kad_post_sidebar_id":"","_kad_post_content_style":"default","_kad_post_vertical_padding":"default","_kad_post_feature":"","_kad_post_feature_position":"","_kad_post_header":false,"_kad_post_footer":false},"product_brand":[41],"product_cat":[25,63],"product_tag":[122,119,118,141],"class_list":{"0":"post-9264","1":"product","2":"type-product","3":"status-publish","4":"has-post-thumbnail","6":"product_brand-mc-familystore","7":"product_cat-alt-ust-takim","8":"product_cat-bebek-takimi","9":"product_tag-bebek","10":"product_tag-kiz-bebek","11":"product_tag-cocuk","12":"product_tag-sonbahar-kis","14":"first","15":"instock","16":"sale","17":"shipping-taxable","18":"purchasable","19":"product-type-variable","20":"entry","21":"content-bg","22":"loop-entry"},"aioseo_notices":[],"_links":{"self":[{"href":"https:\/\/mc-store.net\/ar\/wp-json\/wp\/v2\/product\/9264","targetHints":{"allow":["GET"]}}],"collection":[{"href":"https:\/\/mc-store.net\/ar\/wp-json\/wp\/v2\/product"}],"about":[{"href":"https:\/\/mc-store.net\/ar\/wp-json\/wp\/v2\/types\/product"}],"replies":[{"embeddable":true,"href":"https:\/\/mc-store.net\/ar\/wp-json\/wp\/v2\/comments?post=9264"}],"version-history":[{"count":1,"href":"https:\/\/mc-store.net\/ar\/wp-json\/wp\/v2\/product\/9264\/revisions"}],"predecessor-version":[{"id":9272,"href":"https:\/\/mc-store.net\/ar\/wp-json\/wp\/v2\/product\/9264\/revisions\/9272"}],"wp:featuredmedia":[{"embeddable":true,"href":"https:\/\/mc-store.net\/ar\/wp-json\/wp\/v2\/media\/9269"}],"wp:attachment":[{"href":"https:\/\/mc-store.net\/ar\/wp-json\/wp\/v2\/media?parent=9264"}],"wp:term":[{"taxonomy":"product_brand","embeddable":true,"href":"https:\/\/mc-store.net\/ar\/wp-json\/wp\/v2\/product_brand?post=9264"},{"taxonomy":"product_cat","embeddable":true,"href":"https:\/\/mc-store.net\/ar\/wp-json\/wp\/v2\/product_cat?post=9264"},{"taxonomy":"product_tag","embeddable":true,"href":"https:\/\/mc-store.net\/ar\/wp-json\/wp\/v2\/product_tag?post=9264"}],"curies":[{"name":"wp","href":"https:\/\/api.w.org\/{rel}","templated":true}]}}