{"id":9333,"date":"2025-09-09T20:35:22","date_gmt":"2025-09-09T18:35:22","guid":{"rendered":"https:\/\/mc-store.net\/?post_type=product&#038;p=9333"},"modified":"2025-09-09T20:43:09","modified_gmt":"2025-09-09T18:43:09","slug":"3-lu-kiz-bebek-ceketli-alt-ust-leoparli-peluslu-kapitone-kislik-takim","status":"publish","type":"product","link":"https:\/\/mc-store.net\/ar\/product\/3-lu-kiz-bebek-ceketli-alt-ust-leoparli-peluslu-kapitone-kislik-takim\/","title":{"rendered":"3 LU KIZ BEBEK CEKETL\u0130 ALT \u00dcST LEOPARLI PELU\u015eLU KAP\u0130TONE KI\u015eLIK TAKIM"},"content":{"rendered":"<p>&#8211; Bebe\u011finizin rahatl\u0131\u011f\u0131 d\u00fc\u015f\u00fcn\u00fclerek tasarlanm\u0131\u015f, pelu\u015flu kapitone kuma\u015ftan \u00fcretilmi\u015f leopar desenli alt \u00fcst tak\u0131m.<br \/>\n&#8211; Bej rengiyle \u015f\u0131kl\u0131\u011f\u0131 ve zarafeti bir arada sunan bu set, bebe\u011finizin g\u00fcnl\u00fck kullan\u0131m\u0131na uygun konfor sa\u011flar.<br \/>\n&#8211; Rahat kal\u0131b\u0131 sayesinde hareket \u00f6zg\u00fcrl\u00fc\u011f\u00fcn\u00fc k\u0131s\u0131tlamayan, bebe\u011finizin g\u00fcn boyu rahat etmesini sa\u011flayan tasar\u0131m.<br \/>\n&#8211; Uzun kollu ve bisiklet yakal\u0131 yap\u0131s\u0131 ile mevsim ge\u00e7i\u015flerinde ideal s\u0131cakl\u0131kta tutar.<br \/>\n&#8211; Kolay bak\u0131m imkan\u0131 sunan y\u0131kama talimatlar\u0131na sahip olup, uzun s\u00fcreli kullan\u0131m i\u00e7in dayan\u0131kl\u0131l\u0131k vaat eder.<br \/>\n&#8211; Casual ortamlarda bile stil sahibi g\u00f6r\u00fcnmenizi sa\u011flayacak jogger pa\u00e7a detaylar\u0131yla modern bir dokunu\u015f kat\u0131yor.<\/p>","protected":false},"excerpt":{"rendered":"<p>3 LU KIZ BEBEK CEKETL\u0130 ALT \u00dcST LEOPARLI PELU\u015eLU KAP\u0130TONE KI\u015eLIK TAKIM BABY G\u0130RL OUTF\u0130T SET<\/p>","protected":false},"featured_media":9338,"comment_status":"open","ping_status":"closed","template":"","meta":{"_surecart_dashboard_logo_width":"180px","_surecart_dashboard_show_logo":true,"_surecart_dashboard_navigation_orders":true,"_surecart_dashboard_navigation_invoices":true,"_surecart_dashboard_navigation_subscriptions":true,"_surecart_dashboard_navigation_downloads":true,"_surecart_dashboard_navigation_billing":true,"_surecart_dashboard_navigation_account":true,"_kad_post_transparent":"default","_kad_post_title":"","_kad_post_layout":"default","_kad_post_sidebar_id":"","_kad_post_content_style":"default","_kad_post_vertical_padding":"default","_kad_post_feature":"","_kad_post_feature_position":"","_kad_post_header":false,"_kad_post_footer":false},"product_brand":[41],"product_cat":[25,63,97],"product_tag":[122,119,118,141],"class_list":{"0":"post-9333","1":"product","2":"type-product","3":"status-publish","4":"has-post-thumbnail","6":"product_brand-mc-familystore","7":"product_cat-alt-ust-takim","8":"product_cat-bebek-takimi","9":"product_cat-esofman-takimi","10":"product_tag-bebek","11":"product_tag-kiz-bebek","12":"product_tag-cocuk","13":"product_tag-sonbahar-kis","15":"first","16":"instock","17":"sale","18":"shipping-taxable","19":"purchasable","20":"product-type-variable","21":"entry","22":"content-bg","23":"loop-entry"},"aioseo_notices":[],"_links":{"self":[{"href":"https:\/\/mc-store.net\/ar\/wp-json\/wp\/v2\/product\/9333","targetHints":{"allow":["GET"]}}],"collection":[{"href":"https:\/\/mc-store.net\/ar\/wp-json\/wp\/v2\/product"}],"about":[{"href":"https:\/\/mc-store.net\/ar\/wp-json\/wp\/v2\/types\/product"}],"replies":[{"embeddable":true,"href":"https:\/\/mc-store.net\/ar\/wp-json\/wp\/v2\/comments?post=9333"}],"version-history":[{"count":1,"href":"https:\/\/mc-store.net\/ar\/wp-json\/wp\/v2\/product\/9333\/revisions"}],"predecessor-version":[{"id":9342,"href":"https:\/\/mc-store.net\/ar\/wp-json\/wp\/v2\/product\/9333\/revisions\/9342"}],"wp:featuredmedia":[{"embeddable":true,"href":"https:\/\/mc-store.net\/ar\/wp-json\/wp\/v2\/media\/9338"}],"wp:attachment":[{"href":"https:\/\/mc-store.net\/ar\/wp-json\/wp\/v2\/media?parent=9333"}],"wp:term":[{"taxonomy":"product_brand","embeddable":true,"href":"https:\/\/mc-store.net\/ar\/wp-json\/wp\/v2\/product_brand?post=9333"},{"taxonomy":"product_cat","embeddable":true,"href":"https:\/\/mc-store.net\/ar\/wp-json\/wp\/v2\/product_cat?post=9333"},{"taxonomy":"product_tag","embeddable":true,"href":"https:\/\/mc-store.net\/ar\/wp-json\/wp\/v2\/product_tag?post=9333"}],"curies":[{"name":"wp","href":"https:\/\/api.w.org\/{rel}","templated":true}]}}