{"id":9343,"date":"2025-09-09T20:53:17","date_gmt":"2025-09-09T18:53:17","guid":{"rendered":"https:\/\/mc-store.net\/?post_type=product&#038;p=9343"},"modified":"2025-09-09T21:03:41","modified_gmt":"2025-09-09T19:03:41","slug":"sik-tasarimli-muslin-fiyonk-yaka-detayiyla-bluz-ve-tayt","status":"publish","type":"product","link":"https:\/\/mc-store.net\/ar\/product\/sik-tasarimli-muslin-fiyonk-yaka-detayiyla-bluz-ve-tayt\/","title":{"rendered":"\u015eIK TASARIMLI M\u00dcSL\u0130N F\u0130YONK YAKA DETAYIYLA BLUZ VE TAYT"},"content":{"rendered":"<p>&#8211; \u015e\u0131k tasar\u0131m\u0131yla dikkat \u00e7eken bu set, bebe\u011finizin g\u00fcnl\u00fck kullan\u0131m\u0131na uygun rahatl\u0131k ve \u015f\u0131kl\u0131\u011f\u0131 bir arada sunar.<br \/>\n&#8211; M\u00fcslin kuma\u015f\u0131 sayesinde hafif ve nefes alabilen yap\u0131s\u0131 ile bebe\u011finizin cildine nazik\u00e7e dokunur.<br \/>\n&#8211; Fiyonk detayl\u0131 yakas\u0131 ile g\u00f6z al\u0131c\u0131 bir g\u00f6r\u00fcn\u00fcm kazand\u0131r\u0131rken, balon kol tasar\u0131m\u0131 hareket \u00f6zg\u00fcrl\u00fc\u011f\u00fc sa\u011flar.<br \/>\n&#8211; Mor renk se\u00e7ene\u011fiyle canl\u0131 ve ne\u015feli bir stil olu\u015ftururken, yuvarlak yaka kesimi modern bir dokunu\u015f katmaktad\u0131r.<br \/>\n&#8211; Uzun kollu tasar\u0131m so\u011fuk g\u00fcnlerde ekstra koruma sunarken, balon kol detay\u0131 ile trend bir g\u00f6r\u00fcn\u00fcm elde edilir.<br \/>\n&#8211; Orijinal boy ve crop kal\u0131b\u0131yla hem konforlu hem de \u015f\u0131k bir kombin imkan\u0131 tan\u0131r.<br \/>\n&#8211; S\u00fcrd\u00fcr\u00fclebilirlik detay\u0131na \u00f6nem verilerek \u00fcretilmi\u015f olup, \u00e7evreye duyarl\u0131 tercihler yapmak isteyen ebeveynler i\u00e7in idealdir.<br \/>\n&#8211; \u0130ki par\u00e7adan olu\u015fan set; bluz ve tayt olarak tamamlanm\u0131\u015f olup, bebe\u011finizin gard\u0131robunda esneklik sa\u011flar.<\/p>","protected":false},"excerpt":{"rendered":"<p>&#8211; \u015e\u0131k tasar\u0131m\u0131yla dikkat \u00e7eken bu set, bebe\u011finizin g\u00fcnl\u00fck kullan\u0131m\u0131na uygun rahatl\u0131k ve \u015f\u0131kl\u0131\u011f\u0131 bir arada sunar. &#8211; M\u00fcslin kuma\u015f\u0131 sayesinde hafif ve nefes alabilen yap\u0131s\u0131 ile bebe\u011finizin cildine nazik\u00e7e dokunur. &#8211; Fiyonk detayl\u0131 yakas\u0131 ile g\u00f6z al\u0131c\u0131 bir g\u00f6r\u00fcn\u00fcm kazand\u0131r\u0131rken, balon kol tasar\u0131m\u0131 hareket \u00f6zg\u00fcrl\u00fc\u011f\u00fc sa\u011flar. &#8211; Mor renk se\u00e7ene\u011fiyle canl\u0131 ve ne\u015feli bir&#8230;<\/p>","protected":false},"featured_media":9344,"comment_status":"open","ping_status":"closed","template":"","meta":{"_surecart_dashboard_logo_width":"180px","_surecart_dashboard_show_logo":true,"_surecart_dashboard_navigation_orders":true,"_surecart_dashboard_navigation_invoices":true,"_surecart_dashboard_navigation_subscriptions":true,"_surecart_dashboard_navigation_downloads":true,"_surecart_dashboard_navigation_billing":true,"_surecart_dashboard_navigation_account":true,"_kad_post_transparent":"default","_kad_post_title":"","_kad_post_layout":"default","_kad_post_sidebar_id":"","_kad_post_content_style":"default","_kad_post_vertical_padding":"default","_kad_post_feature":"","_kad_post_feature_position":"","_kad_post_header":false,"_kad_post_footer":false},"product_brand":[41],"product_cat":[25,63,97],"product_tag":[122,119,118,141],"class_list":{"0":"post-9343","1":"product","2":"type-product","3":"status-publish","4":"has-post-thumbnail","6":"product_brand-mc-familystore","7":"product_cat-alt-ust-takim","8":"product_cat-bebek-takimi","9":"product_cat-esofman-takimi","10":"product_tag-bebek","11":"product_tag-kiz-bebek","12":"product_tag-cocuk","13":"product_tag-sonbahar-kis","15":"first","16":"instock","17":"sale","18":"shipping-taxable","19":"purchasable","20":"product-type-variable","21":"entry","22":"content-bg","23":"loop-entry"},"aioseo_notices":[],"_links":{"self":[{"href":"https:\/\/mc-store.net\/ar\/wp-json\/wp\/v2\/product\/9343","targetHints":{"allow":["GET"]}}],"collection":[{"href":"https:\/\/mc-store.net\/ar\/wp-json\/wp\/v2\/product"}],"about":[{"href":"https:\/\/mc-store.net\/ar\/wp-json\/wp\/v2\/types\/product"}],"replies":[{"embeddable":true,"href":"https:\/\/mc-store.net\/ar\/wp-json\/wp\/v2\/comments?post=9343"}],"version-history":[{"count":3,"href":"https:\/\/mc-store.net\/ar\/wp-json\/wp\/v2\/product\/9343\/revisions"}],"predecessor-version":[{"id":9382,"href":"https:\/\/mc-store.net\/ar\/wp-json\/wp\/v2\/product\/9343\/revisions\/9382"}],"wp:featuredmedia":[{"embeddable":true,"href":"https:\/\/mc-store.net\/ar\/wp-json\/wp\/v2\/media\/9344"}],"wp:attachment":[{"href":"https:\/\/mc-store.net\/ar\/wp-json\/wp\/v2\/media?parent=9343"}],"wp:term":[{"taxonomy":"product_brand","embeddable":true,"href":"https:\/\/mc-store.net\/ar\/wp-json\/wp\/v2\/product_brand?post=9343"},{"taxonomy":"product_cat","embeddable":true,"href":"https:\/\/mc-store.net\/ar\/wp-json\/wp\/v2\/product_cat?post=9343"},{"taxonomy":"product_tag","embeddable":true,"href":"https:\/\/mc-store.net\/ar\/wp-json\/wp\/v2\/product_tag?post=9343"}],"curies":[{"name":"wp","href":"https:\/\/api.w.org\/{rel}","templated":true}]}}