{"id":9359,"date":"2025-09-09T20:55:56","date_gmt":"2025-09-09T18:55:56","guid":{"rendered":"https:\/\/mc-store.net\/?post_type=product&#038;p=9359"},"modified":"2025-09-09T21:02:59","modified_gmt":"2025-09-09T19:02:59","slug":"sik-tasarimli-muslin-fiyonk-yaka-detayiyla-bluz-ve-tayt-kkkj","status":"publish","type":"product","link":"https:\/\/mc-store.net\/ar\/product\/sik-tasarimli-muslin-fiyonk-yaka-detayiyla-bluz-ve-tayt-kkkj\/","title":{"rendered":"ALT \u00dcST TAKIMI M\u00dcSL\u0130N \u00c7\u0130\u00c7EKL\u0130 FIRFIRLI \u00d6ZEL TASARIM KIZ BEBEK 2L\u0130"},"content":{"rendered":"<p>&#8211; Bebeklerinizin cildine nazik dokunu\u015fuyla m\u00fcslin kuma\u015ftan \u00fcretilmi\u015ftir, yumu\u015fak yap\u0131s\u0131yla g\u00fcn boyu rahatl\u0131k sa\u011flar.<br \/>\n&#8211; \u00c7i\u00e7ek desenleriyle s\u00fcslenmi\u015f bu tak\u0131m, minik prenseslerinize \u015f\u0131kl\u0131\u011f\u0131 ve ne\u015feyi bir arada sunar.<br \/>\n&#8211; Bol kal\u0131b\u0131 sayesinde hareket \u00f6zg\u00fcrl\u00fc\u011f\u00fcn\u00fc k\u0131s\u0131tlamadan konforlu bir kullan\u0131m imkan\u0131 tan\u0131r.<br \/>\n&#8211; Uzun kollu tasar\u0131m\u0131 ile mevsim ge\u00e7i\u015flerinde ideal koruma sa\u011flarken, bisiklet yakas\u0131 modern bir g\u00f6r\u00fcn\u00fcm kazand\u0131r\u0131r.<br \/>\n&#8211; Pembe renk se\u00e7ene\u011fiyle canl\u0131 ve enerjik bir stil olu\u015ftururken, her ortamda dikkat \u00e7ekici olman\u0131z\u0131 sa\u011flar.<br \/>\n&#8211; Kolay bak\u0131m avantaj\u0131yla y\u0131kama talimatlar\u0131na uygun \u015fekilde temizlenebilir; b\u00f6ylece ebeveynler i\u00e7in pratiklik sunar.<br \/>\n&#8211; G\u00fcnl\u00fck kullan\u0131m i\u00e7in ideal olan bu tak\u0131m, casual giyimin vazge\u00e7ilmez par\u00e7as\u0131d\u0131r.<br \/>\n&#8211; Regular pa\u00e7a tipi ile hem rahatl\u0131k hem de \u015f\u0131k bir g\u00f6r\u00fcn\u00fcm elde edersiniz.<\/p>","protected":false},"excerpt":{"rendered":"<p>ALT \u00dcST TAKIMI M\u00dcSL\u0130N \u00c7\u0130\u00c7EKL\u0130 FIRFIRLI \u00d6ZEL TASARIM KIZ BEBEK 2L\u0130 TAKIM BABY G\u0130RL OUTF\u0130T<\/p>","protected":false},"featured_media":9370,"comment_status":"open","ping_status":"closed","template":"","meta":{"_surecart_dashboard_logo_width":"180px","_surecart_dashboard_show_logo":true,"_surecart_dashboard_navigation_orders":true,"_surecart_dashboard_navigation_invoices":true,"_surecart_dashboard_navigation_subscriptions":true,"_surecart_dashboard_navigation_downloads":true,"_surecart_dashboard_navigation_billing":true,"_surecart_dashboard_navigation_account":true,"_kad_post_transparent":"default","_kad_post_title":"","_kad_post_layout":"default","_kad_post_sidebar_id":"","_kad_post_content_style":"default","_kad_post_vertical_padding":"default","_kad_post_feature":"","_kad_post_feature_position":"","_kad_post_header":false,"_kad_post_footer":false},"product_brand":[41],"product_cat":[25,63,97],"product_tag":[122,119,118,141],"class_list":{"0":"post-9359","1":"product","2":"type-product","3":"status-publish","4":"has-post-thumbnail","6":"product_brand-mc-familystore","7":"product_cat-alt-ust-takim","8":"product_cat-bebek-takimi","9":"product_cat-esofman-takimi","10":"product_tag-bebek","11":"product_tag-kiz-bebek","12":"product_tag-cocuk","13":"product_tag-sonbahar-kis","15":"first","16":"instock","17":"sale","18":"shipping-taxable","19":"purchasable","20":"product-type-variable","21":"entry","22":"content-bg","23":"loop-entry"},"aioseo_notices":[],"_links":{"self":[{"href":"https:\/\/mc-store.net\/ar\/wp-json\/wp\/v2\/product\/9359","targetHints":{"allow":["GET"]}}],"collection":[{"href":"https:\/\/mc-store.net\/ar\/wp-json\/wp\/v2\/product"}],"about":[{"href":"https:\/\/mc-store.net\/ar\/wp-json\/wp\/v2\/types\/product"}],"replies":[{"embeddable":true,"href":"https:\/\/mc-store.net\/ar\/wp-json\/wp\/v2\/comments?post=9359"}],"version-history":[{"count":1,"href":"https:\/\/mc-store.net\/ar\/wp-json\/wp\/v2\/product\/9359\/revisions"}],"predecessor-version":[{"id":9371,"href":"https:\/\/mc-store.net\/ar\/wp-json\/wp\/v2\/product\/9359\/revisions\/9371"}],"wp:featuredmedia":[{"embeddable":true,"href":"https:\/\/mc-store.net\/ar\/wp-json\/wp\/v2\/media\/9370"}],"wp:attachment":[{"href":"https:\/\/mc-store.net\/ar\/wp-json\/wp\/v2\/media?parent=9359"}],"wp:term":[{"taxonomy":"product_brand","embeddable":true,"href":"https:\/\/mc-store.net\/ar\/wp-json\/wp\/v2\/product_brand?post=9359"},{"taxonomy":"product_cat","embeddable":true,"href":"https:\/\/mc-store.net\/ar\/wp-json\/wp\/v2\/product_cat?post=9359"},{"taxonomy":"product_tag","embeddable":true,"href":"https:\/\/mc-store.net\/ar\/wp-json\/wp\/v2\/product_tag?post=9359"}],"curies":[{"name":"wp","href":"https:\/\/api.w.org\/{rel}","templated":true}]}}