{"id":9372,"date":"2025-09-09T21:03:14","date_gmt":"2025-09-09T19:03:14","guid":{"rendered":"https:\/\/mc-store.net\/?post_type=product&#038;p=9372"},"modified":"2025-09-09T21:07:45","modified_gmt":"2025-09-09T19:07:45","slug":"sik-tasarimli-muslin-fiyonk-yaka-detayiyla-bluz-ve-tayt-lkl","status":"publish","type":"product","link":"https:\/\/mc-store.net\/ar\/product\/sik-tasarimli-muslin-fiyonk-yaka-detayiyla-bluz-ve-tayt-lkl\/","title":{"rendered":"ALT \u00dcST TAKIMI M\u00dcSL\u0130N \u00c7\u0130\u00c7EKL\u0130 FIRFIRLI \u00d6ZEL TASARIM KIZ BEBEK 2L\u0130"},"content":{"rendered":"<p>&#8211; Bebe\u011finizin cildine nazik dokunu\u015fuyla M\u00fcslin kuma\u015ftan \u00fcretilmi\u015ftir, nefes alabilir yap\u0131s\u0131 sayesinde g\u00fcn boyu konfor sa\u011flar.<br \/>\n&#8211; \u00c7i\u00e7ek desenleriyle s\u00fcslenmi\u015f bu tak\u0131m, bebe\u011finizin \u015f\u0131kl\u0131\u011f\u0131n\u0131 \u00f6n plana \u00e7\u0131kar\u0131rken ayn\u0131 zamanda ne\u015feli bir g\u00f6r\u00fcn\u00fcm sunar.<br \/>\n&#8211; Bol kal\u0131b\u0131 ile hareket \u00f6zg\u00fcrl\u00fc\u011f\u00fcn\u00fc k\u0131s\u0131tlamadan rahat bir kullan\u0131m imkan\u0131 tan\u0131r; bebeklerin v\u00fccut hatlar\u0131na uyum sa\u011flayarak rahat etmelerini sa\u011flar.<br \/>\n&#8211; Uzun kollu tasar\u0131m\u0131 mevsim ge\u00e7i\u015flerinde ideal koruma sunarken, bisiklet yakas\u0131 modern bir stil olu\u015fturur.<br \/>\n&#8211; Bej rengiyle zarifli\u011fi yakalayan bu tak\u0131m, her t\u00fcrl\u00fc aksesuarla kolayca kombinlenebilir ve g\u00fcnl\u00fck kullan\u0131m i\u00e7in uygundur.<br \/>\n&#8211; 2&#8217;li paket i\u00e7eri\u011fiyle hem \u00fcst hem alt par\u00e7ay\u0131 tek seferde alarak pratiklik kazand\u0131r\u0131r; b\u00f6ylece bebe\u011finizin gard\u0131robuna eklemesi kolayla\u015f\u0131r.<br \/>\n&#8211; Casual ortamlarda rahatl\u0131kla tercih edebilece\u011finiz bu tak\u0131m, g\u00fcnl\u00fck giyimde \u015f\u0131kl\u0131\u011f\u0131 yakalamak isteyen ebeveynler i\u00e7in m\u00fckemmel bir se\u00e7enektir.<\/p>","protected":false},"excerpt":{"rendered":"<p>ALT \u00dcST TAKIMI M\u00dcSL\u0130N \u00c7\u0130\u00c7EKL\u0130 FIRFIRLI \u00d6ZEL TASARIM KIZ BEBEK 2L\u0130 TAKIM BABY G\u0130RL OUTF\u0130T<\/p>","protected":false},"featured_media":9385,"comment_status":"open","ping_status":"closed","template":"","meta":{"_surecart_dashboard_logo_width":"180px","_surecart_dashboard_show_logo":true,"_surecart_dashboard_navigation_orders":true,"_surecart_dashboard_navigation_invoices":true,"_surecart_dashboard_navigation_subscriptions":true,"_surecart_dashboard_navigation_downloads":true,"_surecart_dashboard_navigation_billing":true,"_surecart_dashboard_navigation_account":true,"_kad_post_transparent":"default","_kad_post_title":"","_kad_post_layout":"default","_kad_post_sidebar_id":"","_kad_post_content_style":"default","_kad_post_vertical_padding":"default","_kad_post_feature":"","_kad_post_feature_position":"","_kad_post_header":false,"_kad_post_footer":false},"product_brand":[41],"product_cat":[25,63,97],"product_tag":[122,119,118,141],"class_list":{"0":"post-9372","1":"product","2":"type-product","3":"status-publish","4":"has-post-thumbnail","6":"product_brand-mc-familystore","7":"product_cat-alt-ust-takim","8":"product_cat-bebek-takimi","9":"product_cat-esofman-takimi","10":"product_tag-bebek","11":"product_tag-kiz-bebek","12":"product_tag-cocuk","13":"product_tag-sonbahar-kis","15":"first","16":"instock","17":"sale","18":"shipping-taxable","19":"purchasable","20":"product-type-variable","21":"entry","22":"content-bg","23":"loop-entry"},"aioseo_notices":[],"_links":{"self":[{"href":"https:\/\/mc-store.net\/ar\/wp-json\/wp\/v2\/product\/9372","targetHints":{"allow":["GET"]}}],"collection":[{"href":"https:\/\/mc-store.net\/ar\/wp-json\/wp\/v2\/product"}],"about":[{"href":"https:\/\/mc-store.net\/ar\/wp-json\/wp\/v2\/types\/product"}],"replies":[{"embeddable":true,"href":"https:\/\/mc-store.net\/ar\/wp-json\/wp\/v2\/comments?post=9372"}],"version-history":[{"count":1,"href":"https:\/\/mc-store.net\/ar\/wp-json\/wp\/v2\/product\/9372\/revisions"}],"predecessor-version":[{"id":9386,"href":"https:\/\/mc-store.net\/ar\/wp-json\/wp\/v2\/product\/9372\/revisions\/9386"}],"wp:featuredmedia":[{"embeddable":true,"href":"https:\/\/mc-store.net\/ar\/wp-json\/wp\/v2\/media\/9385"}],"wp:attachment":[{"href":"https:\/\/mc-store.net\/ar\/wp-json\/wp\/v2\/media?parent=9372"}],"wp:term":[{"taxonomy":"product_brand","embeddable":true,"href":"https:\/\/mc-store.net\/ar\/wp-json\/wp\/v2\/product_brand?post=9372"},{"taxonomy":"product_cat","embeddable":true,"href":"https:\/\/mc-store.net\/ar\/wp-json\/wp\/v2\/product_cat?post=9372"},{"taxonomy":"product_tag","embeddable":true,"href":"https:\/\/mc-store.net\/ar\/wp-json\/wp\/v2\/product_tag?post=9372"}],"curies":[{"name":"wp","href":"https:\/\/api.w.org\/{rel}","templated":true}]}}