{"id":9479,"date":"2025-09-19T19:44:16","date_gmt":"2025-09-19T17:44:16","guid":{"rendered":"https:\/\/mc-store.net\/?post_type=product&#038;p=9479"},"modified":"2025-09-19T20:18:39","modified_gmt":"2025-09-19T18:18:39","slug":"bebek-kalin-kislik-fermuarli-kapusonlu-pelus-mor-tulum","status":"publish","type":"product","link":"https:\/\/mc-store.net\/ar\/product\/bebek-kalin-kislik-fermuarli-kapusonlu-pelus-mor-tulum\/","title":{"rendered":"BEBEK KALIN KI\u015eLIK FERMUARLI KAP\u00dc\u015eONLU PELU\u015e MOR TULUM"},"content":{"rendered":"<p>&#8211; Bebekler i\u00e7in \u00f6zel olarak tasarlanm\u0131\u015f, kal\u0131n ve s\u0131cak tutan pelu\u015f mor tulum, so\u011fuk k\u0131\u015f g\u00fcnlerinde onlar\u0131 s\u0131cak tutar.<br \/>\n&#8211; Unisex tasar\u0131m\u0131 ile hem k\u0131z hem de erkek bebekler i\u00e7in uygun, rahat ve \u015f\u0131k bir se\u00e7enek sunar.<br \/>\n&#8211; Relaxed kal\u0131b\u0131 sayesinde bebeklerin hareket \u00f6zg\u00fcrl\u00fc\u011f\u00fcn\u00fc k\u0131s\u0131tlamadan konforlu bir kullan\u0131m sa\u011flar.<br \/>\n&#8211; Orijinal boy uzunlu\u011fu ile bebe\u011finizin v\u00fccudunu tam olarak sararak koruma ve s\u0131cakl\u0131k sunar.<br \/>\n&#8211; Polar materyali sayesinde yumu\u015fak dokunu\u015fu ve \u0131s\u0131 yal\u0131t\u0131m \u00f6zellikleriyle bebeklerin cildine nazik\u00e7e sar\u0131l\u0131r.<br \/>\n&#8211; Kap\u00fc\u015fonlu yaka tipi, bebe\u011finizin ba\u015f\u0131n\u0131 so\u011fuktan korurken ayn\u0131 zamanda stil sahibi bir g\u00f6r\u00fcn\u00fcm kazand\u0131r\u0131r.<br \/>\n&#8211; G\u00fcnl\u00fck kullan\u0131m i\u00e7in ideal olan bu tulum, rahatl\u0131\u011f\u0131 ve fonksiyonelli\u011fi bir arada sunar.<br \/>\n&#8211; Regular siluetiyle v\u00fccuda tam oturarak rahat bir deneyim sa\u011flar.<br \/>\n&#8211; Bask\u0131l\u0131 deseni ile canl\u0131 ve e\u011flenceli bir g\u00f6r\u00fcn\u00fcm sunarak bebe\u011finizin tarz\u0131n\u0131 yans\u0131t\u0131r.<\/p>","protected":false},"excerpt":{"rendered":"<p>BEBEK KALIN KI\u015eLIK FERMUARLI KAP\u00dc\u015eONLU PELU\u015e MOR TULUM TH\u0130CK FLEECE JUMPSU\u0130T<\/p>","protected":false},"featured_media":9486,"comment_status":"open","ping_status":"closed","template":"","meta":{"_surecart_dashboard_logo_width":"180px","_surecart_dashboard_show_logo":true,"_surecart_dashboard_navigation_orders":true,"_surecart_dashboard_navigation_invoices":true,"_surecart_dashboard_navigation_subscriptions":true,"_surecart_dashboard_navigation_downloads":true,"_surecart_dashboard_navigation_billing":true,"_surecart_dashboard_navigation_account":true,"_kad_post_transparent":"default","_kad_post_title":"","_kad_post_layout":"default","_kad_post_sidebar_id":"","_kad_post_content_style":"default","_kad_post_vertical_padding":"default","_kad_post_feature":"","_kad_post_feature_position":"","_kad_post_header":false,"_kad_post_footer":false},"product_brand":[41],"product_cat":[97,30,15,29],"product_tag":[122,120,121,119,118,141],"class_list":{"0":"post-9479","1":"product","2":"type-product","3":"status-publish","4":"has-post-thumbnail","6":"product_brand-mc-familystore","7":"product_cat-esofman-takimi","8":"product_cat-salopet","9":"product_cat-tulum","10":"product_cat-uyku-tulumu","11":"product_tag-bebek","12":"product_tag-erkek-bebek","13":"product_tag-erkek-cocuk","14":"product_tag-kiz-bebek","15":"product_tag-cocuk","16":"product_tag-sonbahar-kis","18":"first","19":"instock","20":"sale","21":"shipping-taxable","22":"purchasable","23":"product-type-variable","24":"entry","25":"content-bg","26":"loop-entry"},"aioseo_notices":[],"_links":{"self":[{"href":"https:\/\/mc-store.net\/ar\/wp-json\/wp\/v2\/product\/9479","targetHints":{"allow":["GET"]}}],"collection":[{"href":"https:\/\/mc-store.net\/ar\/wp-json\/wp\/v2\/product"}],"about":[{"href":"https:\/\/mc-store.net\/ar\/wp-json\/wp\/v2\/types\/product"}],"replies":[{"embeddable":true,"href":"https:\/\/mc-store.net\/ar\/wp-json\/wp\/v2\/comments?post=9479"}],"version-history":[{"count":1,"href":"https:\/\/mc-store.net\/ar\/wp-json\/wp\/v2\/product\/9479\/revisions"}],"predecessor-version":[{"id":9493,"href":"https:\/\/mc-store.net\/ar\/wp-json\/wp\/v2\/product\/9479\/revisions\/9493"}],"wp:featuredmedia":[{"embeddable":true,"href":"https:\/\/mc-store.net\/ar\/wp-json\/wp\/v2\/media\/9486"}],"wp:attachment":[{"href":"https:\/\/mc-store.net\/ar\/wp-json\/wp\/v2\/media?parent=9479"}],"wp:term":[{"taxonomy":"product_brand","embeddable":true,"href":"https:\/\/mc-store.net\/ar\/wp-json\/wp\/v2\/product_brand?post=9479"},{"taxonomy":"product_cat","embeddable":true,"href":"https:\/\/mc-store.net\/ar\/wp-json\/wp\/v2\/product_cat?post=9479"},{"taxonomy":"product_tag","embeddable":true,"href":"https:\/\/mc-store.net\/ar\/wp-json\/wp\/v2\/product_tag?post=9479"}],"curies":[{"name":"wp","href":"https:\/\/api.w.org\/{rel}","templated":true}]}}