{"id":9503,"date":"2025-09-19T20:15:03","date_gmt":"2025-09-19T18:15:03","guid":{"rendered":"https:\/\/mc-store.net\/?post_type=product&#038;p=9503"},"modified":"2025-09-19T20:15:03","modified_gmt":"2025-09-19T18:15:03","slug":"bebek-3lu-ekose-gomlekli-takim-sik-kot-pantolon-kombin","status":"publish","type":"product","link":"https:\/\/mc-store.net\/ar\/product\/bebek-3lu-ekose-gomlekli-takim-sik-kot-pantolon-kombin\/","title":{"rendered":"BEBEK 3L\u00dc EKOSE G\u00d6MLEKL\u0130 TAKIM \u015eIK KOT PANTOLON KOMB\u0130N"},"content":{"rendered":"<p>&#8211; Ekose deseniyle dikkat \u00e7eken g\u00f6mlekli tak\u0131m, bebe\u011finizin \u015f\u0131kl\u0131\u011f\u0131n\u0131 \u00f6n plana \u00e7\u0131kar\u0131r.<br \/>\n&#8211; TR men\u015feli bu \u00fcr\u00fcn, yerel \u00fcretimle kaliteli ve dayan\u0131kl\u0131 malzemelerden \u00fcretilmi\u015ftir.<br \/>\n&#8211; Uzun kol ve g\u00f6mlek yaka detay\u0131 ile klasik ve zamans\u0131z bir g\u00f6r\u00fcn\u00fcm sunar.<br \/>\n&#8211; Jogger pa\u00e7a tipi sayesinde modern bir stil olu\u015ftururken, bebe\u011finizin konforunu art\u0131r\u0131r.<br \/>\n&#8211; Mavi renk se\u00e7ene\u011fiyle hem g\u00f6mlek hem de pantolonun uyumlu bir kombin olu\u015fturmas\u0131n\u0131 sa\u011flar.<br \/>\n&#8211; Casual ortamlar i\u00e7in ideal olan bu tak\u0131m, g\u00fcnl\u00fck kullan\u0131m i\u00e7in uygundur.<br \/>\n&#8211; 3&#8217;l\u00fc paket i\u00e7eri\u011fi ile hem g\u00f6mlek hem pantolon ve aksesuar olarak tam bir set sunar.<br \/>\n&#8211; Type 1 y\u0131kama talimat\u0131na uygun \u015fekilde kolayca temizlenebilir; b\u00f6ylece \u00fcr\u00fcn uzun s\u00fcre ilk g\u00fcnk\u00fc gibi kal\u0131r.<\/p>","protected":false},"excerpt":{"rendered":"<p>BEBEK 3L\u00dc EKOSE G\u00d6MLEKL\u0130 TAKIM \u015eIK KOT PANTOLON KOMB\u0130N BABY BOY OUTF\u0130T<\/p>","protected":false},"featured_media":9425,"comment_status":"open","ping_status":"closed","template":"","meta":{"_surecart_dashboard_logo_width":"180px","_surecart_dashboard_show_logo":true,"_surecart_dashboard_navigation_orders":true,"_surecart_dashboard_navigation_invoices":true,"_surecart_dashboard_navigation_subscriptions":true,"_surecart_dashboard_navigation_downloads":true,"_surecart_dashboard_navigation_billing":true,"_surecart_dashboard_navigation_account":true,"_kad_post_transparent":"default","_kad_post_title":"","_kad_post_layout":"default","_kad_post_sidebar_id":"","_kad_post_content_style":"default","_kad_post_vertical_padding":"default","_kad_post_feature":"","_kad_post_feature_position":"","_kad_post_header":false,"_kad_post_footer":false},"product_brand":[41],"product_cat":[25,63],"product_tag":[122,120,141],"class_list":{"0":"post-9503","1":"product","2":"type-product","3":"status-publish","4":"has-post-thumbnail","6":"product_brand-mc-familystore","7":"product_cat-alt-ust-takim","8":"product_cat-bebek-takimi","9":"product_tag-bebek","10":"product_tag-erkek-bebek","11":"product_tag-sonbahar-kis","13":"first","14":"instock","15":"sale","16":"shipping-taxable","17":"purchasable","18":"product-type-variable","19":"entry","20":"content-bg","21":"loop-entry"},"aioseo_notices":[],"_links":{"self":[{"href":"https:\/\/mc-store.net\/ar\/wp-json\/wp\/v2\/product\/9503","targetHints":{"allow":["GET"]}}],"collection":[{"href":"https:\/\/mc-store.net\/ar\/wp-json\/wp\/v2\/product"}],"about":[{"href":"https:\/\/mc-store.net\/ar\/wp-json\/wp\/v2\/types\/product"}],"replies":[{"embeddable":true,"href":"https:\/\/mc-store.net\/ar\/wp-json\/wp\/v2\/comments?post=9503"}],"version-history":[{"count":1,"href":"https:\/\/mc-store.net\/ar\/wp-json\/wp\/v2\/product\/9503\/revisions"}],"predecessor-version":[{"id":9508,"href":"https:\/\/mc-store.net\/ar\/wp-json\/wp\/v2\/product\/9503\/revisions\/9508"}],"wp:featuredmedia":[{"embeddable":true,"href":"https:\/\/mc-store.net\/ar\/wp-json\/wp\/v2\/media\/9425"}],"wp:attachment":[{"href":"https:\/\/mc-store.net\/ar\/wp-json\/wp\/v2\/media?parent=9503"}],"wp:term":[{"taxonomy":"product_brand","embeddable":true,"href":"https:\/\/mc-store.net\/ar\/wp-json\/wp\/v2\/product_brand?post=9503"},{"taxonomy":"product_cat","embeddable":true,"href":"https:\/\/mc-store.net\/ar\/wp-json\/wp\/v2\/product_cat?post=9503"},{"taxonomy":"product_tag","embeddable":true,"href":"https:\/\/mc-store.net\/ar\/wp-json\/wp\/v2\/product_tag?post=9503"}],"curies":[{"name":"wp","href":"https:\/\/api.w.org\/{rel}","templated":true}]}}