{"id":9551,"date":"2025-09-19T21:04:13","date_gmt":"2025-09-19T19:04:13","guid":{"rendered":"https:\/\/mc-store.net\/?post_type=product&#038;p=9551"},"modified":"2025-09-19T21:07:00","modified_gmt":"2025-09-19T19:07:00","slug":"sevimli-jean-fiyonk-detayli-kiz-bebek-bluzlu-tulum-2li-takim","status":"publish","type":"product","link":"https:\/\/mc-store.net\/ar\/product\/sevimli-jean-fiyonk-detayli-kiz-bebek-bluzlu-tulum-2li-takim\/","title":{"rendered":"SEV\u0130ML\u0130 JEAN F\u0130YONK DETAYLI KIZ BEBEK BLUZLU TULUM 2L\u0130 TAKIM"},"content":{"rendered":"<p>&#8211; Sevimli jean detaylar\u0131yla s\u00fcslenmi\u015f, k\u0131z bebekler i\u00e7in \u015f\u0131k ve rahat bir bluzlu tulum.<br \/>\n&#8211; Men\u015fei T\u00fcrkiye olan bu \u00fcr\u00fcn, yerel \u00fcretim kalitesiyle \u00f6ne \u00e7\u0131k\u0131yor.<br \/>\n&#8211; Dar kesimi sayesinde bebe\u011finizin hareket \u00f6zg\u00fcrl\u00fc\u011f\u00fcn\u00fc k\u0131s\u0131tlamadan \u015f\u0131k bir g\u00f6r\u00fcn\u00fcm sunar.<br \/>\n&#8211; Belirtilmemi\u015f kuma\u015f tipi ile yumu\u015fak dokunu\u015fu ve dayan\u0131kl\u0131l\u0131\u011f\u0131 bir arada ya\u015fat\u0131r.<br \/>\n&#8211; D\u00fcz deseniyle sade ve zamans\u0131z bir tarz yarat\u0131r; her t\u00fcrl\u00fc aksesuarla kolayca kombinlenebilir.<br \/>\n&#8211; Orijinal boy uzunlu\u011fu, bebe\u011finizin rahat hareket etmesini sa\u011flar.<br \/>\n&#8211; Mavi renk se\u00e7ene\u011fiyle canl\u0131 ve ne\u015feli bir g\u00f6r\u00fcn\u00fcm kazand\u0131r\u0131r.<br \/>\n&#8211; Uzun silueti sayesinde v\u00fccut hatlar\u0131n\u0131 zarif\u00e7e sararak \u015f\u0131k bir duru\u015f sergiler.<br \/>\n&#8211; Uzun kollu tasar\u0131m so\u011fuk havalarda ekstra koruma sunarken, kollar\u0131n rahat hareket etmesine olanak tan\u0131r.<br \/>\n&#8211; S\u00fcrd\u00fcr\u00fclebilirlik detay\u0131na sahip olmamas\u0131, \u00fcr\u00fcn\u00fcn \u00e7evre dostu olmad\u0131\u011f\u0131n\u0131 belirtir; bu nedenle dikkatle se\u00e7ilmelidir.<br \/>\n&#8211; Type 1 y\u0131kama talimat\u0131na uygun \u015fekilde bak\u0131m yap\u0131ld\u0131\u011f\u0131nda uzun \u00f6m\u00fcrl\u00fc kullan\u0131m va<\/p>","protected":false},"excerpt":{"rendered":"<p>SEV\u0130ML\u0130 JEAN F\u0130YONK DETAYLI KIZ BEBEK BLUZLU TULUM 2L\u0130 TAKIM BABY OUTF\u0130T<\/p>","protected":false},"featured_media":9475,"comment_status":"open","ping_status":"closed","template":"","meta":{"_surecart_dashboard_logo_width":"180px","_surecart_dashboard_show_logo":true,"_surecart_dashboard_navigation_orders":true,"_surecart_dashboard_navigation_invoices":true,"_surecart_dashboard_navigation_subscriptions":true,"_surecart_dashboard_navigation_downloads":true,"_surecart_dashboard_navigation_billing":true,"_surecart_dashboard_navigation_account":true,"_kad_post_transparent":"default","_kad_post_title":"","_kad_post_layout":"default","_kad_post_sidebar_id":"","_kad_post_content_style":"default","_kad_post_vertical_padding":"default","_kad_post_feature":"","_kad_post_feature_position":"","_kad_post_header":false,"_kad_post_footer":false},"product_brand":[41],"product_cat":[63,30,15],"product_tag":[122,119,118,141],"class_list":{"0":"post-9551","1":"product","2":"type-product","3":"status-publish","4":"has-post-thumbnail","6":"product_brand-mc-familystore","7":"product_cat-bebek-takimi","8":"product_cat-salopet","9":"product_cat-tulum","10":"product_tag-bebek","11":"product_tag-kiz-bebek","12":"product_tag-cocuk","13":"product_tag-sonbahar-kis","15":"first","16":"instock","17":"sale","18":"shipping-taxable","19":"purchasable","20":"product-type-variable","21":"entry","22":"content-bg","23":"loop-entry"},"aioseo_notices":[],"_links":{"self":[{"href":"https:\/\/mc-store.net\/ar\/wp-json\/wp\/v2\/product\/9551","targetHints":{"allow":["GET"]}}],"collection":[{"href":"https:\/\/mc-store.net\/ar\/wp-json\/wp\/v2\/product"}],"about":[{"href":"https:\/\/mc-store.net\/ar\/wp-json\/wp\/v2\/types\/product"}],"replies":[{"embeddable":true,"href":"https:\/\/mc-store.net\/ar\/wp-json\/wp\/v2\/comments?post=9551"}],"version-history":[{"count":1,"href":"https:\/\/mc-store.net\/ar\/wp-json\/wp\/v2\/product\/9551\/revisions"}],"predecessor-version":[{"id":9566,"href":"https:\/\/mc-store.net\/ar\/wp-json\/wp\/v2\/product\/9551\/revisions\/9566"}],"wp:featuredmedia":[{"embeddable":true,"href":"https:\/\/mc-store.net\/ar\/wp-json\/wp\/v2\/media\/9475"}],"wp:attachment":[{"href":"https:\/\/mc-store.net\/ar\/wp-json\/wp\/v2\/media?parent=9551"}],"wp:term":[{"taxonomy":"product_brand","embeddable":true,"href":"https:\/\/mc-store.net\/ar\/wp-json\/wp\/v2\/product_brand?post=9551"},{"taxonomy":"product_cat","embeddable":true,"href":"https:\/\/mc-store.net\/ar\/wp-json\/wp\/v2\/product_cat?post=9551"},{"taxonomy":"product_tag","embeddable":true,"href":"https:\/\/mc-store.net\/ar\/wp-json\/wp\/v2\/product_tag?post=9551"}],"curies":[{"name":"wp","href":"https:\/\/api.w.org\/{rel}","templated":true}]}}