{"id":9556,"date":"2025-09-19T21:04:16","date_gmt":"2025-09-19T19:04:16","guid":{"rendered":"https:\/\/mc-store.net\/?post_type=product&#038;p=9556"},"modified":"2025-09-19T21:08:44","modified_gmt":"2025-09-19T19:08:44","slug":"sevimli-jean-erkek-kiz-bebek-bluzlu-salopet-2li-takim","status":"publish","type":"product","link":"https:\/\/mc-store.net\/ar\/product\/sevimli-jean-erkek-kiz-bebek-bluzlu-salopet-2li-takim\/","title":{"rendered":"SEV\u0130ML\u0130 JEAN ERKEK KIZ BEBEK BLUZLU SALOPET 2L\u0130 TAKIM"},"content":{"rendered":"<p>&#8211; Unisex tasar\u0131m\u0131 ile hem k\u0131z hem de erkek bebekler i\u00e7in ideal, kot tulum sonbahar ve k\u0131\u015f aylar\u0131nda rahatl\u0131kla tercih edilebilir.<br \/>\n&#8211; Standart boyu ve regular kal\u0131b\u0131 sayesinde bebeklerin rahat hareket etmesini sa\u011flar.<br \/>\n&#8211; Uzun kollu tasar\u0131m\u0131 ile so\u011fuk havalarda ekstra koruma sunar.<br \/>\n&#8211; Kemersiz yap\u0131s\u0131, kolay giydirme ve \u00e7\u0131karma imkan\u0131 tan\u0131r.<br \/>\n&#8211; Lacivert rengi, her t\u00fcrl\u00fc d\u0131\u015f giyimle kolayca kombinlenebilir.<br \/>\n&#8211; Bask\u0131l\u0131 deseni ile \u015f\u0131k ve modern bir g\u00f6r\u00fcn\u00fcm kazand\u0131r\u0131r.<br \/>\n&#8211; Casual ortamlarda bile \u015f\u0131kl\u0131\u011f\u0131 koruyan jogger siluetiyle dikkat \u00e7eker.<br \/>\n&#8211; Tokal\u0131 detaylar\u0131 ile pratik kullan\u0131m sunarken \u00e7ift cepli tasar\u0131m\u0131 k\u00fc\u00e7\u00fck e\u015fyalar i\u00e7in yer kazand\u0131r\u0131r.<br \/>\n&#8211; Pamuk materyali sayesinde yumu\u015fak dokusuyla bebe\u011finizin cildine nazik\u00e7e dokunur.<br \/>\n&#8211; Web Color&#8217;da belirtilen lacivert tonu, renk uyumu a\u00e7\u0131s\u0131ndan idealdir.<br \/>\n&#8211; Type 1 y\u0131kama talimat\u0131na uygun \u015fekilde bak\u0131m yap\u0131ld\u0131\u011f\u0131nda uzun s\u00fcreli kullan\u0131m i\u00e7in uygundur.<\/p>","protected":false},"excerpt":{"rendered":"<p>SEV\u0130ML\u0130 JEAN ERKEK KIZ BEBEK BLUZLU SALOPET 2L\u0130 TAKIM BABY OUTF\u0130T<\/p>","protected":false},"featured_media":9543,"comment_status":"open","ping_status":"closed","template":"","meta":{"_surecart_dashboard_logo_width":"180px","_surecart_dashboard_show_logo":true,"_surecart_dashboard_navigation_orders":true,"_surecart_dashboard_navigation_invoices":true,"_surecart_dashboard_navigation_subscriptions":true,"_surecart_dashboard_navigation_downloads":true,"_surecart_dashboard_navigation_billing":true,"_surecart_dashboard_navigation_account":true,"_kad_post_transparent":"default","_kad_post_title":"","_kad_post_layout":"default","_kad_post_sidebar_id":"","_kad_post_content_style":"default","_kad_post_vertical_padding":"default","_kad_post_feature":"","_kad_post_feature_position":"","_kad_post_header":false,"_kad_post_footer":false},"product_brand":[41],"product_cat":[63,30,15],"product_tag":[122,120,121,119,118,141],"class_list":{"0":"post-9556","1":"product","2":"type-product","3":"status-publish","4":"has-post-thumbnail","6":"product_brand-mc-familystore","7":"product_cat-bebek-takimi","8":"product_cat-salopet","9":"product_cat-tulum","10":"product_tag-bebek","11":"product_tag-erkek-bebek","12":"product_tag-erkek-cocuk","13":"product_tag-kiz-bebek","14":"product_tag-cocuk","15":"product_tag-sonbahar-kis","17":"first","18":"instock","19":"sale","20":"shipping-taxable","21":"purchasable","22":"product-type-variable","23":"entry","24":"content-bg","25":"loop-entry"},"aioseo_notices":[],"_links":{"self":[{"href":"https:\/\/mc-store.net\/ar\/wp-json\/wp\/v2\/product\/9556","targetHints":{"allow":["GET"]}}],"collection":[{"href":"https:\/\/mc-store.net\/ar\/wp-json\/wp\/v2\/product"}],"about":[{"href":"https:\/\/mc-store.net\/ar\/wp-json\/wp\/v2\/types\/product"}],"replies":[{"embeddable":true,"href":"https:\/\/mc-store.net\/ar\/wp-json\/wp\/v2\/comments?post=9556"}],"version-history":[{"count":1,"href":"https:\/\/mc-store.net\/ar\/wp-json\/wp\/v2\/product\/9556\/revisions"}],"predecessor-version":[{"id":9567,"href":"https:\/\/mc-store.net\/ar\/wp-json\/wp\/v2\/product\/9556\/revisions\/9567"}],"wp:featuredmedia":[{"embeddable":true,"href":"https:\/\/mc-store.net\/ar\/wp-json\/wp\/v2\/media\/9543"}],"wp:attachment":[{"href":"https:\/\/mc-store.net\/ar\/wp-json\/wp\/v2\/media?parent=9556"}],"wp:term":[{"taxonomy":"product_brand","embeddable":true,"href":"https:\/\/mc-store.net\/ar\/wp-json\/wp\/v2\/product_brand?post=9556"},{"taxonomy":"product_cat","embeddable":true,"href":"https:\/\/mc-store.net\/ar\/wp-json\/wp\/v2\/product_cat?post=9556"},{"taxonomy":"product_tag","embeddable":true,"href":"https:\/\/mc-store.net\/ar\/wp-json\/wp\/v2\/product_tag?post=9556"}],"curies":[{"name":"wp","href":"https:\/\/api.w.org\/{rel}","templated":true}]}}