{"id":9561,"date":"2025-09-19T21:04:19","date_gmt":"2025-09-19T19:04:19","guid":{"rendered":"https:\/\/mc-store.net\/?post_type=product&#038;p=9561"},"modified":"2025-09-19T21:13:51","modified_gmt":"2025-09-19T19:13:51","slug":"sevimli-jean-erkek-kiz-bebek-bluzlu-salopet-2li-takim-2","status":"publish","type":"product","link":"https:\/\/mc-store.net\/ar\/product\/sevimli-jean-erkek-kiz-bebek-bluzlu-salopet-2li-takim-2\/","title":{"rendered":"SEV\u0130ML\u0130 JEAN ERKEK KIZ BEBEK BLUZLU SALOPET 2L\u0130 TAKIM"},"content":{"rendered":"<p>&#8211; Bebekler i\u00e7in \u00f6zel olarak tasarlanm\u0131\u015f, pamuklu kuma\u015ftan \u00fcretilmi\u015f 2&#8217;li tak\u0131m; hem konforlu hem de \u015f\u0131k bir g\u00f6r\u00fcn\u00fcm sunar.<br \/>\n&#8211; Sevimli hayvan desenleriyle s\u00fcslenmi\u015f bluzlu salopet, bebe\u011finizin gard\u0131robuna ne\u015fe katar.<br \/>\n&#8211; T\u00fcrk men\u015feli bu \u00fcr\u00fcn, yerel \u00fcretim kalitesini ve dayan\u0131kl\u0131l\u0131\u011f\u0131n\u0131 garanti eder.<br \/>\n&#8211; Unisex tasar\u0131m\u0131 sayesinde hem erkek hem de k\u0131z bebekler i\u00e7in uygun olan bu tak\u0131m, bebe\u011finizin rahatl\u0131\u011f\u0131 d\u00fc\u015f\u00fcn\u00fclerek haz\u0131rlanm\u0131\u015ft\u0131r.<br \/>\n&#8211; Regular kal\u0131p ve uzun kol tasar\u0131m\u0131 ile bebe\u011finizin hareket \u00f6zg\u00fcrl\u00fc\u011f\u00fcn\u00fc k\u0131s\u0131tlamaz.<br \/>\n&#8211; Bisiklet yaka detay\u0131 ile modern ve rahat bir stil sunarken, mavi ve ye\u015fil renk kombinasyonu canl\u0131l\u0131k katmaktad\u0131r.<br \/>\n&#8211; G\u00fcnl\u00fck kullan\u0131m i\u00e7in ideal olan bu tak\u0131m, bebe\u011finizin her an\u0131na e\u015flik ederken pratiklik sa\u011flar.<br \/>\n&#8211; Kolay bak\u0131m imkan\u0131 sunan y\u0131kama talimatlar\u0131 sayesinde ebeveynler i\u00e7in de kullan\u0131m kolayl\u0131\u011f\u0131 sa\u011flar.<\/p>","protected":false},"excerpt":{"rendered":"<p>SEV\u0130ML\u0130 JEAN ERKEK KIZ BEBEK BLUZLU SALOPET 2L\u0130 TAKIM BABY OUTF\u0130T<\/p>","protected":false},"featured_media":9568,"comment_status":"open","ping_status":"closed","template":"","meta":{"_surecart_dashboard_logo_width":"180px","_surecart_dashboard_show_logo":true,"_surecart_dashboard_navigation_orders":true,"_surecart_dashboard_navigation_invoices":true,"_surecart_dashboard_navigation_subscriptions":true,"_surecart_dashboard_navigation_downloads":true,"_surecart_dashboard_navigation_billing":true,"_surecart_dashboard_navigation_account":true,"_kad_post_transparent":"default","_kad_post_title":"","_kad_post_layout":"default","_kad_post_sidebar_id":"","_kad_post_content_style":"default","_kad_post_vertical_padding":"default","_kad_post_feature":"","_kad_post_feature_position":"","_kad_post_header":false,"_kad_post_footer":false},"product_brand":[41],"product_cat":[63,30,15],"product_tag":[122,120,121,119,118,141],"class_list":{"0":"post-9561","1":"product","2":"type-product","3":"status-publish","4":"has-post-thumbnail","6":"product_brand-mc-familystore","7":"product_cat-bebek-takimi","8":"product_cat-salopet","9":"product_cat-tulum","10":"product_tag-bebek","11":"product_tag-erkek-bebek","12":"product_tag-erkek-cocuk","13":"product_tag-kiz-bebek","14":"product_tag-cocuk","15":"product_tag-sonbahar-kis","17":"first","18":"instock","19":"sale","20":"shipping-taxable","21":"purchasable","22":"product-type-variable","23":"entry","24":"content-bg","25":"loop-entry"},"aioseo_notices":[],"_links":{"self":[{"href":"https:\/\/mc-store.net\/ar\/wp-json\/wp\/v2\/product\/9561","targetHints":{"allow":["GET"]}}],"collection":[{"href":"https:\/\/mc-store.net\/ar\/wp-json\/wp\/v2\/product"}],"about":[{"href":"https:\/\/mc-store.net\/ar\/wp-json\/wp\/v2\/types\/product"}],"replies":[{"embeddable":true,"href":"https:\/\/mc-store.net\/ar\/wp-json\/wp\/v2\/comments?post=9561"}],"version-history":[{"count":1,"href":"https:\/\/mc-store.net\/ar\/wp-json\/wp\/v2\/product\/9561\/revisions"}],"predecessor-version":[{"id":9569,"href":"https:\/\/mc-store.net\/ar\/wp-json\/wp\/v2\/product\/9561\/revisions\/9569"}],"wp:featuredmedia":[{"embeddable":true,"href":"https:\/\/mc-store.net\/ar\/wp-json\/wp\/v2\/media\/9568"}],"wp:attachment":[{"href":"https:\/\/mc-store.net\/ar\/wp-json\/wp\/v2\/media?parent=9561"}],"wp:term":[{"taxonomy":"product_brand","embeddable":true,"href":"https:\/\/mc-store.net\/ar\/wp-json\/wp\/v2\/product_brand?post=9561"},{"taxonomy":"product_cat","embeddable":true,"href":"https:\/\/mc-store.net\/ar\/wp-json\/wp\/v2\/product_cat?post=9561"},{"taxonomy":"product_tag","embeddable":true,"href":"https:\/\/mc-store.net\/ar\/wp-json\/wp\/v2\/product_tag?post=9561"}],"curies":[{"name":"wp","href":"https:\/\/api.w.org\/{rel}","templated":true}]}}